{"id":27261,"date":"2026-02-03T09:21:00","date_gmt":"2026-02-03T08:21:00","guid":{"rendered":"https:\/\/www.flandersexpo.be\/veiligheidsregels\/"},"modified":"2026-02-09T10:33:40","modified_gmt":"2026-02-09T09:33:40","slug":"regles-de-securite","status":"publish","type":"page","link":"https:\/\/www.flandersexpo.be\/fr\/regles-de-securite\/","title":{"rendered":"R\u00e8gles de s\u00e9curit\u00e9"},"content":{"rendered":"\t\t<div data-elementor-type=\"wp-page\" data-elementor-id=\"27261\" class=\"elementor elementor-27261 elementor-23118\" data-elementor-post-type=\"page\">\n\t\t\t\t<div class=\"elementor-element elementor-element-47e3603 e-con-full e-flex e-con e-parent\" data-id=\"47e3603\" data-element_type=\"container\">\n\t\t<div class=\"elementor-element elementor-element-6080db1 e-con-full e-flex e-con e-child\" data-id=\"6080db1\" data-element_type=\"container\" data-settings=\"{&quot;background_background&quot;:&quot;classic&quot;}\">\n\t\t\t\t<div class=\"elementor-element elementor-element-8946612 elementor-widget elementor-widget-heading\" data-id=\"8946612\" data-element_type=\"widget\" data-widget_type=\"heading.default\">\n\t\t\t\t\t<h1 class=\"elementor-heading-title elementor-size-default\">LA S\u00c9CURIT\u00c9 AVANT TOUT<\/h1>\t\t\t\t<\/div>\n\t\t\t\t<div class=\"elementor-element elementor-element-efebb80 elementor-widget elementor-widget-text-editor\" data-id=\"efebb80\" data-element_type=\"widget\" data-widget_type=\"text-editor.default\">\n\t\t\t\t\t\t\t\t\t<p style=\"font-size: 17px; font-weight: 300; word-spacing: 1.7px;\"><i>Montrez que vous \u00eates un professionnel, ne prenez aucun risque et respectez les normes de s\u00e9curit\u00e9 en tout temps et en tout lieu ! La liste ci-dessous est restreinte, mais non exhaustive. Les dispositions l\u00e9gales restent d&rsquo;application.\u00a0<\/i><\/p>\n<p style=\"font-size: 17px; font-weight: 300; word-spacing: 1.7px;\"><i>\u00a0<\/i><\/p>\n<p style=\"font-size: 17px; font-weight: 300; word-spacing: 1.7px;\"><strong>Des questions ou des remarques ? Contactez-nous via ehs@easyfairs.com ou au +32 (0)9 241 97 78.<\/strong><\/p>\n\t\t\t\t\t\t\t\t<\/div>\n\t\t\t\t<div class=\"elementor-element elementor-element-09d5a62 elementor-widget elementor-widget-heading\" data-id=\"09d5a62\" data-element_type=\"widget\" data-widget_type=\"heading.default\">\n\t\t\t\t\t<h3 class=\"elementor-heading-title elementor-size-default\">Ne circulez pas sous une charge<\/h3>\t\t\t\t<\/div>\n\t\t\t\t<div class=\"elementor-element elementor-element-6b8ffa4 elementor-widget elementor-widget-text-editor\" data-id=\"6b8ffa4\" data-element_type=\"widget\" data-widget_type=\"text-editor.default\">\n\t\t\t\t\t\t\t\t\t<p>Respectez le p\u00e9rim\u00e8tre de s\u00e9curit\u00e9 autour d&rsquo;une charge en hauteur et ne passez pas en dessous. Pr\u00e9venez vos coll\u00e8gues et les autres personnes sur le chantier au d\u00e9but des op\u00e9rations de levage.<\/p>\n\t\t\t\t\t\t\t\t<\/div>\n\t\t\t\t<div class=\"elementor-element elementor-element-0ee318d elementor-widget elementor-widget-heading\" data-id=\"0ee318d\" data-element_type=\"widget\" data-widget_type=\"heading.default\">\n\t\t\t\t\t<h3 class=\"elementor-heading-title elementor-size-default\">Ne montez pas sur un transpalette<\/h3>\t\t\t\t<\/div>\n\t\t\t\t<div class=\"elementor-element elementor-element-30e2f6a elementor-widget__width-initial elementor-widget elementor-widget-text-editor\" data-id=\"30e2f6a\" data-element_type=\"widget\" data-widget_type=\"text-editor.default\">\n\t\t\t\t\t\t\t\t\t<p>Un transpalette est exclusivement destin\u00e9 au transport de marchandises, pas au transport de personnes. Ne montez pas vous-m\u00eame sur le transpalette et n&rsquo;y autorisez pas non plus vos coll\u00e8gues.<\/p>\n<p>\u00a0<\/p>\n\t\t\t\t\t\t\t\t<\/div>\n\t\t\t\t<div class=\"elementor-element elementor-element-bc90230 elementor-widget elementor-widget-heading\" data-id=\"bc90230\" data-element_type=\"widget\" data-widget_type=\"heading.default\">\n\t\t\t\t\t<h3 class=\"elementor-heading-title elementor-size-default\">Interdiction de fumer ou de vapoter<\/h3>\t\t\t\t<\/div>\n\t\t\t\t<div class=\"elementor-element elementor-element-12e20d3 elementor-widget elementor-widget-text-editor\" data-id=\"12e20d3\" data-element_type=\"widget\" data-widget_type=\"text-editor.default\">\n\t\t\t\t\t\t\t\t\t<p>Le respect de l&rsquo;interdiction de fumer est essentiel pour la s\u00e9curit\u00e9, la sant\u00e9 et le bien-\u00eatre de toutes les personnes pr\u00e9sentes dans ce b\u00e2timent. Ces r\u00e8gles sont \u00e9tablies pour maintenir un environnement aussi agr\u00e9able et sain que possible pour tous.<\/p>\n\t\t\t\t\t\t\t\t<\/div>\n\t\t\t\t<div class=\"elementor-element elementor-element-30cf353 elementor-widget elementor-widget-heading\" data-id=\"30cf353\" data-element_type=\"widget\" data-widget_type=\"heading.default\">\n\t\t\t\t\t<h3 class=\"elementor-heading-title elementor-size-default\">Gardez vos distances avec les hayons \u00e9l\u00e9vateurs<\/h3>\t\t\t\t<\/div>\n\t\t\t\t<div class=\"elementor-element elementor-element-fddfdbb elementor-widget elementor-widget-text-editor\" data-id=\"fddfdbb\" data-element_type=\"widget\" data-widget_type=\"text-editor.default\">\n\t\t\t\t\t\t\t\t\t<p>Gardez vos distances avec les hayons \u00e9l\u00e9vateurs hydrauliques des camions. Lors du stationnement, pr\u00e9voyez suffisamment d&rsquo;espace derri\u00e8re le camion afin que le hayon reste facilement accessible pendant le chargement et le d\u00e9chargement.<\/p>\n\t\t\t\t\t\t\t\t<\/div>\n\t\t\t\t<div class=\"elementor-element elementor-element-975800b elementor-widget elementor-widget-heading\" data-id=\"975800b\" data-element_type=\"widget\" data-widget_type=\"heading.default\">\n\t\t\t\t\t<h3 class=\"elementor-heading-title elementor-size-default\">Ne montez pas sur un chariot \u00e9l\u00e9vateur<\/h3>\t\t\t\t<\/div>\n\t\t\t\t<div class=\"elementor-element elementor-element-efce0f0 elementor-widget elementor-widget-text-editor\" data-id=\"efce0f0\" data-element_type=\"widget\" data-widget_type=\"text-editor.default\">\n\t\t\t\t\t\t\t\t\t<p>Les chariots \u00e9l\u00e9vateurs ne sont pas con\u00e7us pour soulever des personnes. Utilisez un chariot \u00e9l\u00e9vateur uniquement pour sa fonction pr\u00e9vue : d\u00e9placer des marchandises et les charger ou d\u00e9charger des camions.<\/p>\n\t\t\t\t\t\t\t\t<\/div>\n\t\t\t\t<div class=\"elementor-element elementor-element-4120687 elementor-widget elementor-widget-heading\" data-id=\"4120687\" data-element_type=\"widget\" data-widget_type=\"heading.default\">\n\t\t\t\t\t<h3 class=\"elementor-heading-title elementor-size-default\">Vitesse maximale 20 km\/h<\/h3>\t\t\t\t<\/div>\n\t\t\t\t<div class=\"elementor-element elementor-element-9e42406 elementor-widget elementor-widget-text-editor\" data-id=\"9e42406\" data-element_type=\"widget\" data-widget_type=\"text-editor.default\">\n\t\t\t\t\t\t\t\t\t<p>La vitesse maximale dans cette zone est de 20 km\/h. Il est primordial que tous les usagers de la route respectent cette limite de vitesse afin de garantir la s\u00e9curit\u00e9 de tous. Cela s&rsquo;applique \u00e0 tous les v\u00e9hicules, y compris, mais sans s&rsquo;y limiter, les voitures, les v\u00e9los et tout autre moyen de transport mobile.<\/p>\n\t\t\t\t\t\t\t\t<\/div>\n\t\t\t\t<div class=\"elementor-element elementor-element-6aed056 elementor-widget elementor-widget-heading\" data-id=\"6aed056\" data-element_type=\"widget\" data-widget_type=\"heading.default\">\n\t\t\t\t\t<h3 class=\"elementor-heading-title elementor-size-default\">Portez des chaussures de s\u00e9curit\u00e9<\/h3>\t\t\t\t<\/div>\n\t\t\t\t<div class=\"elementor-element elementor-element-a5c87ca elementor-widget elementor-widget-text-editor\" data-id=\"a5c87ca\" data-element_type=\"widget\" data-widget_type=\"text-editor.default\">\n\t\t\t\t\t\t\t\t\t<p>\u00c9vitez les contusions et les blessures aux pieds, tant lors du chargement et d\u00e9chargement que sur le site, et portez toujours des chaussures de s\u00e9curit\u00e9 adapt\u00e9es lorsque vous travaillez.<\/p>\n\t\t\t\t\t\t\t\t<\/div>\n\t\t\t\t<div class=\"elementor-element elementor-element-fca10c6 elementor-widget elementor-widget-heading\" data-id=\"fca10c6\" data-element_type=\"widget\" data-widget_type=\"heading.default\">\n\t\t\t\t\t<h3 class=\"elementor-heading-title elementor-size-default\">Portez des gants de s\u00e9curit\u00e9<\/h3>\t\t\t\t<\/div>\n\t\t\t\t<div class=\"elementor-element elementor-element-8865ffa elementor-widget elementor-widget-text-editor\" data-id=\"8865ffa\" data-element_type=\"widget\" data-widget_type=\"text-editor.default\">\n\t\t\t\t\t\t\t\t\t<p>\u00c9vitez les contusions et les blessures lors du d\u00e9placement, du clouage, du vissage et du sciage de panneaux ainsi que lors de la d\u00e9coupe de tapis. Veillez \u00e0 ce que vos mains ne restent pas coinc\u00e9es lors de la manipulation de pi\u00e8ces volumineuses.<\/p>\n\t\t\t\t\t\t\t\t<\/div>\n\t\t\t\t<div class=\"elementor-element elementor-element-1d76a6d elementor-widget elementor-widget-heading\" data-id=\"1d76a6d\" data-element_type=\"widget\" data-widget_type=\"heading.default\">\n\t\t\t\t\t<h3 class=\"elementor-heading-title elementor-size-default\">Portez des lunettes de s\u00e9curit\u00e9<\/h3>\t\t\t\t<\/div>\n\t\t\t\t<div class=\"elementor-element elementor-element-afe0b47 elementor-widget elementor-widget-text-editor\" data-id=\"afe0b47\" data-element_type=\"widget\" data-widget_type=\"text-editor.default\">\n\t\t\t\t\t\t\t\t\t<p>Pr\u00e9venez les l\u00e9sions oculaires lors d&rsquo;activit\u00e9s \u00e0 risque telles que l&rsquo;utilisation de meuleuses, d&rsquo;agrafeuses pneumatiques et de pistolets \u00e0 peinture. Pensez \u00e9galement \u00e0 la s\u00e9curit\u00e9 de vos coll\u00e8gues.<\/p>\n\t\t\t\t\t\t\t\t<\/div>\n\t\t\t\t<div class=\"elementor-element elementor-element-b30fa40 elementor-widget elementor-widget-heading\" data-id=\"b30fa40\" data-element_type=\"widget\" data-widget_type=\"heading.default\">\n\t\t\t\t\t<h3 class=\"elementor-heading-title elementor-size-default\">Soulevez les charges correctement<\/h3>\t\t\t\t<\/div>\n\t\t\t\t<div class=\"elementor-element elementor-element-de8c698 elementor-widget elementor-widget-text-editor\" data-id=\"de8c698\" data-element_type=\"widget\" data-widget_type=\"text-editor.default\">\n\t\t\t\t\t\t\t\t\t<p>Ne sollicitez pas inutilement votre dos lors du levage et du transport. Une technique de levage correcte vous permet de vous fatiguer moins vite physiquement et d&rsquo;\u00e9viter les \u00e9longations et les douleurs musculaires.<\/p>\n\t\t\t\t\t\t\t\t<\/div>\n\t\t\t\t<div class=\"elementor-element elementor-element-4e71b24 elementor-widget elementor-widget-heading\" data-id=\"4e71b24\" data-element_type=\"widget\" data-widget_type=\"heading.default\">\n\t\t\t\t\t<h3 class=\"elementor-heading-title elementor-size-default\">\u00c9vitez les risques en hauteur<\/h3>\t\t\t\t<\/div>\n\t\t\t\t<div class=\"elementor-element elementor-element-e2c830e elementor-widget elementor-widget-text-editor\" data-id=\"e2c830e\" data-element_type=\"widget\" data-widget_type=\"text-editor.default\">\n\t\t\t\t\t\t\t\t\t<p>N&rsquo;utilisez pas d&rsquo;\u00e9chelle \u00e0 de grandes hauteurs, mais optez pour un \u00e9chafaudage certifi\u00e9. Assurez-vous qu&rsquo;un \u00e9chafaudage roulant est mont\u00e9 conform\u00e9ment au RGPT (Art. 454 bis).<\/p>\n\t\t\t\t\t\t\t\t<\/div>\n\t\t\t\t<div class=\"elementor-element elementor-element-05ca095 elementor-widget elementor-widget-heading\" data-id=\"05ca095\" data-element_type=\"widget\" data-widget_type=\"heading.default\">\n\t\t\t\t\t<h3 class=\"elementor-heading-title elementor-size-default\">Portez un harnais de s\u00e9curit\u00e9<\/h3>\t\t\t\t<\/div>\n\t\t\t\t<div class=\"elementor-element elementor-element-ddbb787 elementor-widget elementor-widget-text-editor\" data-id=\"ddbb787\" data-element_type=\"widget\" data-widget_type=\"text-editor.default\">\n\t\t\t\t\t\t\t\t\t<p>Lors de travaux en hauteur, un harnais de s\u00e9curit\u00e9 vous prot\u00e8ge contre les chutes. Une protection antichute adapt\u00e9e est indispensable, particuli\u00e8rement lors de travaux le long ou sur des structures (truss) et des profil\u00e9s.<\/p>\n\t\t\t\t\t\t\t\t<\/div>\n\t\t\t\t<div class=\"elementor-element elementor-element-2ee2d7e elementor-widget elementor-widget-heading\" data-id=\"2ee2d7e\" data-element_type=\"widget\" data-widget_type=\"heading.default\">\n\t\t\t\t\t<h3 class=\"elementor-heading-title elementor-size-default\">Portez un casque de s\u00e9curit\u00e9<\/h3>\t\t\t\t<\/div>\n\t\t\t\t<div class=\"elementor-element elementor-element-31be7b8 elementor-widget elementor-widget-text-editor\" data-id=\"31be7b8\" data-element_type=\"widget\" data-widget_type=\"text-editor.default\">\n\t\t\t\t\t\t\t\t\t<p>Prot\u00e9gez votre t\u00eate contre les chutes d&rsquo;objets et de mat\u00e9riel. Portez un casque de s\u00e9curit\u00e9 homologu\u00e9 d\u00e8s que vous p\u00e9n\u00e9trez sur le chantier. De plus, un casque de s\u00e9curit\u00e9 augmente votre visibilit\u00e9 sur le lieu de travail.<\/p>\n\t\t\t\t\t\t\t\t<\/div>\n\t\t\t\t<div class=\"elementor-element elementor-element-a770397 elementor-widget elementor-widget-heading\" data-id=\"a770397\" data-element_type=\"widget\" data-widget_type=\"heading.default\">\n\t\t\t\t\t<h3 class=\"elementor-heading-title elementor-size-default\">Empilez les charges correctement<\/h3>\t\t\t\t<\/div>\n\t\t\t\t<div class=\"elementor-element elementor-element-3598174 elementor-widget elementor-widget-text-editor\" data-id=\"3598174\" data-element_type=\"widget\" data-widget_type=\"text-editor.default\">\n\t\t\t\t\t\t\t\t\t<p>Assurez-vous que les charges \u2013 m\u00eame partielles \u2013 sont correctement empil\u00e9es et arrim\u00e9es, m\u00eame pour de courtes distances. D\u00e9placez les charges partielles pour obtenir une r\u00e9partition plus \u00e9quilibr\u00e9e.<\/p>\n\t\t\t\t\t\t\t\t<\/div>\n\t\t\t\t<div class=\"elementor-element elementor-element-96f1320 elementor-widget elementor-widget-heading\" data-id=\"96f1320\" data-element_type=\"widget\" data-widget_type=\"heading.default\">\n\t\t\t\t\t<h3 class=\"elementor-heading-title elementor-size-default\">\u00c9liminez les d\u00e9chets<\/h3>\t\t\t\t<\/div>\n\t\t\t\t<div class=\"elementor-element elementor-element-c208eec elementor-widget elementor-widget-text-editor\" data-id=\"c208eec\" data-element_type=\"widget\" data-widget_type=\"text-editor.default\">\n\t\t\t\t\t\t\t\t\t<p>Ne laissez pas de d\u00e9chets tra\u00eener sur le stand ou dans les all\u00e9es, mais d\u00e9posez-les aux points de collecte indiqu\u00e9s. Un site ordonn\u00e9 pr\u00e9vient les chutes et permet de travailler de mani\u00e8re efficace et s\u00fbre.<\/p>\n\t\t\t\t\t\t\t\t<\/div>\n\t\t\t\t<div class=\"elementor-element elementor-element-87e985a elementor-widget elementor-widget-heading\" data-id=\"87e985a\" data-element_type=\"widget\" data-widget_type=\"heading.default\">\n\t\t\t\t\t<h3 class=\"elementor-heading-title elementor-size-default\">Utilisez du mat\u00e9riel certifi\u00e9<\/h3>\t\t\t\t<\/div>\n\t\t\t\t<div class=\"elementor-element elementor-element-ec093d5 elementor-widget elementor-widget-text-editor\" data-id=\"ec093d5\" data-element_type=\"widget\" data-widget_type=\"text-editor.default\">\n\t\t\t\t\t\t\t\t\t<p>Utilisez toujours des mat\u00e9riaux homologu\u00e9s pour les tapis, v\u00e9lums, c\u00e2bles \u00e9lectriques et spots, tableaux de distribution \u00e9lectrique, b\u00e2ches, plexiglas, panneaux, peintures&#8230;<\/p>\n<p><\/p>\n<p><\/p>\n\t\t\t\t\t\t\t\t<\/div>\n\t\t\t\t<\/div>\n\t\t\t\t<\/div>\n\t\t\t\t<\/div>\n\t\t","protected":false},"excerpt":{"rendered":"<p>LA S\u00c9CURIT\u00c9 AVANT TOUT Montrez que vous \u00eates un professionnel, ne prenez aucun risque et respectez les normes de s\u00e9curit\u00e9 en tout temps et en tout lieu ! La liste ci-dessous est restreinte, mais non exhaustive. Les dispositions l\u00e9gales restent d&rsquo;application.\u00a0 \u00a0 Des questions ou des remarques ? Contactez-nous via ehs@easyfairs.com ou au +32 (0)9 [&hellip;]<\/p>\n","protected":false},"author":949,"featured_media":0,"parent":0,"menu_order":0,"comment_status":"closed","ping_status":"closed","template":"","meta":{"_seopress_robots_primary_cat":"","_seopress_titles_title":"","_seopress_titles_desc":"","_seopress_robots_index":"","footnotes":""},"class_list":["post-27261","page","type-page","status-publish","hentry"],"meta_box":[],"_links":{"self":[{"href":"https:\/\/www.flandersexpo.be\/fr\/wp-json\/wp\/v2\/pages\/27261","targetHints":{"allow":["GET"]}}],"collection":[{"href":"https:\/\/www.flandersexpo.be\/fr\/wp-json\/wp\/v2\/pages"}],"about":[{"href":"https:\/\/www.flandersexpo.be\/fr\/wp-json\/wp\/v2\/types\/page"}],"author":[{"embeddable":true,"href":"https:\/\/www.flandersexpo.be\/fr\/wp-json\/wp\/v2\/users\/949"}],"replies":[{"embeddable":true,"href":"https:\/\/www.flandersexpo.be\/fr\/wp-json\/wp\/v2\/comments?post=27261"}],"version-history":[{"count":3,"href":"https:\/\/www.flandersexpo.be\/fr\/wp-json\/wp\/v2\/pages\/27261\/revisions"}],"predecessor-version":[{"id":29937,"href":"https:\/\/www.flandersexpo.be\/fr\/wp-json\/wp\/v2\/pages\/27261\/revisions\/29937"}],"wp:attachment":[{"href":"https:\/\/www.flandersexpo.be\/fr\/wp-json\/wp\/v2\/media?parent=27261"}],"curies":[{"name":"wp","href":"https:\/\/api.w.org\/{rel}","templated":true}]}}