{"id":27271,"date":"2026-02-03T09:21:12","date_gmt":"2026-02-03T08:21:12","guid":{"rendered":"https:\/\/www.flandersexpo.be\/contact-pers\/"},"modified":"2026-02-09T10:27:07","modified_gmt":"2026-02-09T09:27:07","slug":"contact-presse","status":"publish","type":"page","link":"https:\/\/www.flandersexpo.be\/fr\/contact\/contact-presse\/","title":{"rendered":"Contact &amp; Presse"},"content":{"rendered":"\t\t<div data-elementor-type=\"wp-page\" data-elementor-id=\"27271\" class=\"elementor elementor-27271 elementor-22380\" data-elementor-post-type=\"page\">\n\t\t\t\t<div class=\"elementor-element elementor-element-f7774c9 e-con-full e-flex e-con e-parent\" data-id=\"f7774c9\" data-element_type=\"container\">\n\t\t\t\t<div class=\"elementor-element elementor-element-b656718 elementor-widget elementor-widget-heading\" data-id=\"b656718\" data-element_type=\"widget\" data-widget_type=\"heading.default\">\n\t\t\t\t\t<h1 class=\"elementor-heading-title elementor-size-default\">Presse &amp; M\u00e9dias<\/h1>\t\t\t\t<\/div>\n\t\t\t\t<div class=\"elementor-element elementor-element-f6a6717 elementor-widget elementor-widget-text-editor\" data-id=\"f6a6717\" data-element_type=\"widget\" data-widget_type=\"text-editor.default\">\n\t\t\t\t\t\t\t\t\t<p>Pour toute question relative \u00e0 la presse, aux visuels et \u00e0 la communication officielle concernant Flanders Expo.<\/p>\n\t\t\t\t\t\t\t\t<\/div>\n\t\t<div class=\"elementor-element elementor-element-7c86242 e-con-full e-flex e-con e-child\" data-id=\"7c86242\" data-element_type=\"container\">\n\t\t<div class=\"elementor-element elementor-element-6a35efc e-con-full e-flex e-con e-child\" data-id=\"6a35efc\" data-element_type=\"container\" data-settings=\"{&quot;background_background&quot;:&quot;classic&quot;}\">\n\t\t\t\t<div class=\"elementor-element elementor-element-14bdfa0 elementor-widget elementor-widget-heading\" data-id=\"14bdfa0\" data-element_type=\"widget\" data-widget_type=\"heading.default\">\n\t\t\t\t\t<h2 class=\"elementor-heading-title elementor-size-default\">Une question sp\u00e9cifique ?<\/h2>\t\t\t\t<\/div>\n\t\t\t\t<div class=\"elementor-element elementor-element-50988c5 elementor-widget elementor-widget-text-editor\" data-id=\"50988c5\" data-element_type=\"widget\" data-widget_type=\"text-editor.default\">\n\t\t\t\t\t\t\t\t\t<p>Laissez-nous vous aider \u00e0 raconter une histoire qui captivera votre public. Vous souhaitez parler \u00e0 l&rsquo;un de nos porte-paroles ? Nous nous ferons un plaisir de vous aider.<\/p>\n\t\t\t\t\t\t\t\t<\/div>\n\t\t<div class=\"elementor-element elementor-element-69b3d3b e-con-full e-flex e-con e-child\" data-id=\"69b3d3b\" data-element_type=\"container\">\n\t\t\t\t<div class=\"elementor-element elementor-element-fa28e24 elementor-widget elementor-widget-image\" data-id=\"fa28e24\" data-element_type=\"widget\" data-widget_type=\"image.default\">\n\t\t\t\t\t\t\t\t\t\t\t\t\t\t\t<img fetchpriority=\"high\" decoding=\"async\" width=\"800\" height=\"800\" src=\"https:\/\/easyfairsassets.com\/sites\/371\/2026\/01\/1677663875726.jpeg\" class=\"attachment-large size-large wp-image-25599\" alt=\"\" srcset=\"https:\/\/easyfairsassets.com\/sites\/371\/2026\/01\/1677663875726.jpeg 800w, https:\/\/easyfairsassets.com\/sites\/371\/2026\/01\/1677663875726-300x300.jpeg 300w, https:\/\/easyfairsassets.com\/sites\/371\/2026\/01\/1677663875726-150x150.jpeg 150w, https:\/\/easyfairsassets.com\/sites\/371\/2026\/01\/1677663875726-768x768.jpeg 768w\" sizes=\"(max-width: 800px) 100vw, 800px\" \/>\t\t\t\t\t\t\t\t\t\t\t\t\t\t\t<\/div>\n\t\t<div class=\"elementor-element elementor-element-54127c8 e-con-full e-flex e-con e-child\" data-id=\"54127c8\" data-element_type=\"container\">\n\t\t\t\t<div class=\"elementor-element elementor-element-d874ba2 elementor-widget elementor-widget-heading\" data-id=\"d874ba2\" data-element_type=\"widget\" data-widget_type=\"heading.default\">\n\t\t\t\t\t<h3 class=\"elementor-heading-title elementor-size-default\">Alain D'Haese<\/h3>\t\t\t\t<\/div>\n\t\t\t\t<div class=\"elementor-element elementor-element-b4efc90 elementor-widget elementor-widget-heading\" data-id=\"b4efc90\" data-element_type=\"widget\" data-widget_type=\"heading.default\">\n\t\t\t\t\t<p class=\"elementor-heading-title elementor-size-default\">COO &amp; Head of Venues<\/p>\t\t\t\t<\/div>\n\t\t\t\t<div class=\"elementor-element elementor-element-dc763dc elementor-icon-list--layout-traditional elementor-list-item-link-full_width elementor-widget elementor-widget-icon-list\" data-id=\"dc763dc\" data-element_type=\"widget\" data-widget_type=\"icon-list.default\">\n\t\t\t\t\t\t\t<ul class=\"elementor-icon-list-items\">\n\t\t\t\t\t\t\t<li class=\"elementor-icon-list-item\">\n\t\t\t\t\t\t\t\t\t\t\t<span class=\"elementor-icon-list-icon\">\n\t\t\t\t\t\t\t<i aria-hidden=\"true\" class=\"fas fa-phone-alt\"><\/i>\t\t\t\t\t\t<\/span>\n\t\t\t\t\t\t\t\t\t\t<span class=\"elementor-icon-list-text\">+32 499 86 11 83<\/span>\n\t\t\t\t\t\t\t\t\t<\/li>\n\t\t\t\t\t\t\t\t<li class=\"elementor-icon-list-item\">\n\t\t\t\t\t\t\t\t\t\t\t<span class=\"elementor-icon-list-icon\">\n\t\t\t\t\t\t\t<i aria-hidden=\"true\" class=\"fas fa-envelope\"><\/i>\t\t\t\t\t\t<\/span>\n\t\t\t\t\t\t\t\t\t\t<span class=\"elementor-icon-list-text\">alain.dhaese@easyfairs.com<\/span>\n\t\t\t\t\t\t\t\t\t<\/li>\n\t\t\t\t\t\t<\/ul>\n\t\t\t\t\t\t<\/div>\n\t\t\t\t<\/div>\n\t\t\t\t<\/div>\n\t\t\t\t<\/div>\n\t\t<div class=\"elementor-element elementor-element-ee86c7f e-con-full e-flex e-con e-child\" data-id=\"ee86c7f\" data-element_type=\"container\">\n\t\t\t\t<div class=\"elementor-element elementor-element-9178087 elementor-widget elementor-widget-n-accordion\" data-id=\"9178087\" data-element_type=\"widget\" data-settings=\"{&quot;default_state&quot;:&quot;expanded&quot;,&quot;max_items_expended&quot;:&quot;one&quot;,&quot;n_accordion_animation_duration&quot;:{&quot;unit&quot;:&quot;ms&quot;,&quot;size&quot;:400,&quot;sizes&quot;:[]}}\" data-widget_type=\"nested-accordion.default\">\n\t\t\t\t\t\t\t<div class=\"e-n-accordion\" aria-label=\"Accordion. Open links with Enter or Space, close with Escape, and navigate with Arrow Keys\">\n\t\t\t\t\t\t<details id=\"e-n-accordion-item-1520\" class=\"e-n-accordion-item\" open>\n\t\t\t\t<summary class=\"e-n-accordion-item-title\" data-accordion-index=\"1\" tabindex=\"0\" aria-expanded=\"true\" aria-controls=\"e-n-accordion-item-1520\" >\n\t\t\t\t\t<span class='e-n-accordion-item-title-header'><div class=\"e-n-accordion-item-title-text\"> Accr\u00e9ditation presse <\/div><\/span>\n\t\t\t\t\t\t\t<span class='e-n-accordion-item-title-icon'>\n\t\t\t<span class='e-opened' ><i aria-hidden=\"true\" class=\"fas fa-chevron-down\"><\/i><\/span>\n\t\t\t<span class='e-closed'><i aria-hidden=\"true\" class=\"fas fa-chevron-right\"><\/i><\/span>\n\t\t<\/span>\n\n\t\t\t\t\t\t<\/summary>\n\t\t\t\t<div role=\"region\" aria-labelledby=\"e-n-accordion-item-1520\" class=\"elementor-element elementor-element-48ee7c6 e-con-full e-flex e-con e-child\" data-id=\"48ee7c6\" data-element_type=\"container\">\n\t\t\t\t<div class=\"elementor-element elementor-element-04a9ffb elementor-widget elementor-widget-text-editor\" data-id=\"04a9ffb\" data-element_type=\"widget\" data-widget_type=\"text-editor.default\">\n\t\t\t\t\t\t\t\t\t<p>Vous acc\u00e9dez au salon ou \u00e0 l&rsquo;\u00e9v\u00e9nement par l&rsquo;entr\u00e9e Presse\/VIP et vous vous accr\u00e9ditez au stand de presse ou d&rsquo;information. Vous pouvez visiter le salon ou l&rsquo;\u00e9v\u00e9nement sur pr\u00e9sentation d&rsquo;une carte de presse valide ou d&rsquo;une recommandation \u00e9crite de la r\u00e9daction en chef sur papier \u00e0 en-t\u00eate (avec les coordonn\u00e9es de l&rsquo;entreprise).<\/p>\n\t\t\t\t\t\t\t\t<\/div>\n\t\t\t\t<\/div>\n\t\t\t\t\t<\/details>\n\t\t\t\t\t\t<details id=\"e-n-accordion-item-1521\" class=\"e-n-accordion-item\" >\n\t\t\t\t<summary class=\"e-n-accordion-item-title\" data-accordion-index=\"2\" tabindex=\"-1\" aria-expanded=\"false\" aria-controls=\"e-n-accordion-item-1521\" >\n\t\t\t\t\t<span class='e-n-accordion-item-title-header'><div class=\"e-n-accordion-item-title-text\"> Dossiers d'information <\/div><\/span>\n\t\t\t\t\t\t\t<span class='e-n-accordion-item-title-icon'>\n\t\t\t<span class='e-opened' ><i aria-hidden=\"true\" class=\"fas fa-chevron-down\"><\/i><\/span>\n\t\t\t<span class='e-closed'><i aria-hidden=\"true\" class=\"fas fa-chevron-right\"><\/i><\/span>\n\t\t<\/span>\n\n\t\t\t\t\t\t<\/summary>\n\t\t\t\t<div role=\"region\" aria-labelledby=\"e-n-accordion-item-1521\" class=\"elementor-element elementor-element-39840ce e-con-full e-flex e-con e-child\" data-id=\"39840ce\" data-element_type=\"container\">\n\t\t\t\t<div class=\"elementor-element elementor-element-0ec3906 elementor-widget elementor-widget-text-editor\" data-id=\"0ec3906\" data-element_type=\"widget\" data-widget_type=\"text-editor.default\">\n\t\t\t\t\t\t\t\t\t<p>Si vous souhaitez des dossiers d&rsquo;information sur le salon ou l&rsquo;\u00e9v\u00e9nement, nous vous conseillons de consulter le site web de l&rsquo;\u00e9v\u00e9nement concern\u00e9. Si n\u00e9cessaire, contactez-les pour savoir si une salle de presse s\u00e9par\u00e9e est mise \u00e0 disposition.<\/p>\n\t\t\t\t\t\t\t\t<\/div>\n\t\t\t\t<div class=\"elementor-element elementor-element-787cc74 elementor-widget elementor-widget-button\" data-id=\"787cc74\" data-element_type=\"widget\" data-widget_type=\"button.default\">\n\t\t\t\t\t\t\t\t\t\t<a class=\"elementor-button elementor-button-link elementor-size-sm\" href=\"https:\/\/easyfairsassets.com\/sites\/371\/2026\/01\/FE_Logo_RGB_EF_Logo_Yellow.png\">\n\t\t\t\t\t\t<span class=\"elementor-button-content-wrapper\">\n\t\t\t\t\t\t\t\t\t<span class=\"elementor-button-text\">T\u00e9l\u00e9charger le logo de Flanders Expo<\/span>\n\t\t\t\t\t<\/span>\n\t\t\t\t\t<\/a>\n\t\t\t\t\t\t\t\t<\/div>\n\t\t\t\t<\/div>\n\t\t\t\t\t<\/details>\n\t\t\t\t\t\t<details id=\"e-n-accordion-item-1522\" class=\"e-n-accordion-item\" >\n\t\t\t\t<summary class=\"e-n-accordion-item-title\" data-accordion-index=\"3\" tabindex=\"-1\" aria-expanded=\"false\" aria-controls=\"e-n-accordion-item-1522\" >\n\t\t\t\t\t<span class='e-n-accordion-item-title-header'><div class=\"e-n-accordion-item-title-text\"> Un entretien ou un accompagnement ? <\/div><\/span>\n\t\t\t\t\t\t\t<span class='e-n-accordion-item-title-icon'>\n\t\t\t<span class='e-opened' ><i aria-hidden=\"true\" class=\"fas fa-chevron-down\"><\/i><\/span>\n\t\t\t<span class='e-closed'><i aria-hidden=\"true\" class=\"fas fa-chevron-right\"><\/i><\/span>\n\t\t<\/span>\n\n\t\t\t\t\t\t<\/summary>\n\t\t\t\t<div role=\"region\" aria-labelledby=\"e-n-accordion-item-1522\" class=\"elementor-element elementor-element-7bfc2a9 e-con-full e-flex e-con e-child\" data-id=\"7bfc2a9\" data-element_type=\"container\">\n\t\t\t\t<div class=\"elementor-element elementor-element-1c060ad elementor-widget elementor-widget-text-editor\" data-id=\"1c060ad\" data-element_type=\"widget\" data-widget_type=\"text-editor.default\">\n\t\t\t\t\t\t\t\t\t<p>Vous souhaitez un entretien ou vous cherchez un accompagnement ? Il est pr\u00e9f\u00e9rable d&rsquo;en faire la demande suffisamment \u00e0 l&rsquo;avance.<\/p>\n\t\t\t\t\t\t\t\t<\/div>\n\t\t\t\t<\/div>\n\t\t\t\t\t<\/details>\n\t\t\t\t\t<\/div>\n\t\t\t\t\t<script type=\"application\/ld+json\">{\"@context\":\"https:\\\/\\\/schema.org\",\"@type\":\"FAQPage\",\"mainEntity\":[{\"@type\":\"Question\",\"name\":\"Accr\\u00e9ditation presse\",\"acceptedAnswer\":{\"@type\":\"Answer\",\"text\":\"Vous acc\\u00e9dez au salon ou \\u00e0 l&rsquo;\\u00e9v\\u00e9nement par l&rsquo;entr\\u00e9e Presse\\\/VIP et vous vous accr\\u00e9ditez au stand de presse ou d&rsquo;information. Vous pouvez visiter le salon ou l&rsquo;\\u00e9v\\u00e9nement sur pr\\u00e9sentation d&rsquo;une carte de presse valide ou d&rsquo;une recommandation \\u00e9crite de la r\\u00e9daction en chef sur papier \\u00e0 en-t\\u00eate (avec les coordonn\\u00e9es de l&rsquo;entreprise).\"}},{\"@type\":\"Question\",\"name\":\"Dossiers d'information\",\"acceptedAnswer\":{\"@type\":\"Answer\",\"text\":\"Si vous souhaitez des dossiers d&rsquo;information sur le salon ou l&rsquo;\\u00e9v\\u00e9nement, nous vous conseillons de consulter le site web de l&rsquo;\\u00e9v\\u00e9nement concern\\u00e9. Si n\\u00e9cessaire, contactez-les pour savoir si une salle de presse s\\u00e9par\\u00e9e est mise \\u00e0 disposition.\\n\\t\\t\\t\\t\\t\\t\\t\\t\\n\\t\\t\\t\\t\\n\\t\\t\\t\\t\\t\\t\\t\\t\\t\\t\\n\\t\\t\\t\\t\\t\\t\\n\\t\\t\\t\\t\\t\\t\\t\\t\\tT\\u00e9l\\u00e9charger le logo de Flanders Expo\"}},{\"@type\":\"Question\",\"name\":\"Un entretien ou un accompagnement ?\",\"acceptedAnswer\":{\"@type\":\"Answer\",\"text\":\"Vous souhaitez un entretien ou vous cherchez un accompagnement ? Il est pr\\u00e9f\\u00e9rable d&rsquo;en faire la demande suffisamment \\u00e0 l&rsquo;avance.\"}}]}<\/script>\n\t\t\t\t\t\t\t<\/div>\n\t\t<div class=\"elementor-element elementor-element-792bf9e e-con-full e-flex e-con e-child\" data-id=\"792bf9e\" data-element_type=\"container\">\n\t\t\t\t<\/div>\n\t\t\t\t<\/div>\n\t\t\t\t<\/div>\n\t\t\t\t<\/div>\n\t\t<div class=\"elementor-element elementor-element-324ece4 e-con-full e-flex e-con e-parent\" data-id=\"324ece4\" data-element_type=\"container\">\n\t\t\t\t<div class=\"elementor-element elementor-element-f31a4f2 elementor-widget elementor-widget-heading\" data-id=\"f31a4f2\" data-element_type=\"widget\" data-widget_type=\"heading.default\">\n\t\t\t\t\t<h3 class=\"elementor-heading-title elementor-size-default\">Nos autres sites<\/h3>\t\t\t\t<\/div>\n\t\t<div class=\"elementor-element elementor-element-468ed50 e-con-full e-flex e-con e-child\" data-id=\"468ed50\" data-element_type=\"container\">\n\t\t<div class=\"elementor-element elementor-element-92e22c4 e-con-full e-flex e-con e-child\" data-id=\"92e22c4\" data-element_type=\"container\" data-settings=\"{&quot;background_background&quot;:&quot;classic&quot;}\">\n\t\t\t\t<div class=\"elementor-element elementor-element-eb499a7 elementor-widget elementor-widget-image\" data-id=\"eb499a7\" data-element_type=\"widget\" data-widget_type=\"image.default\">\n\t\t\t\t\t\t\t\t\t\t\t\t\t\t\t\t<a href=\"https:\/\/www.antwerpexpo.be\/\" target=\"_blank\">\n\t\t\t\t\t\t\t<img decoding=\"async\" width=\"482\" height=\"415\" src=\"https:\/\/easyfairsassets.com\/sites\/371\/2025\/11\/Antwerp-expo-logo.png\" class=\"attachment-large size-large wp-image-22581\" alt=\"\" srcset=\"https:\/\/easyfairsassets.com\/sites\/371\/2025\/11\/Antwerp-expo-logo.png 482w, https:\/\/easyfairsassets.com\/sites\/371\/2025\/11\/Antwerp-expo-logo-300x258.png 300w\" sizes=\"(max-width: 482px) 100vw, 482px\" \/>\t\t\t\t\t\t\t\t<\/a>\n\t\t\t\t\t\t\t\t\t\t\t\t\t\t\t<\/div>\n\t\t\t\t<\/div>\n\t\t<div class=\"elementor-element elementor-element-8f942be e-con-full e-flex e-con e-child\" data-id=\"8f942be\" data-element_type=\"container\" data-settings=\"{&quot;background_background&quot;:&quot;classic&quot;}\">\n\t\t\t\t<div class=\"elementor-element elementor-element-d8b2997 elementor-widget elementor-widget-image\" data-id=\"d8b2997\" data-element_type=\"widget\" data-widget_type=\"image.default\">\n\t\t\t\t\t\t\t\t\t\t\t\t\t\t\t\t<a href=\"https:\/\/www.nekkerhalbrusselsnorth.com\/\" target=\"_blank\">\n\t\t\t\t\t\t\t<img decoding=\"async\" width=\"482\" height=\"415\" src=\"https:\/\/easyfairsassets.com\/sites\/371\/2025\/11\/Nekkerhal-logo.png\" class=\"attachment-large size-large wp-image-22587\" alt=\"\" srcset=\"https:\/\/easyfairsassets.com\/sites\/371\/2025\/11\/Nekkerhal-logo.png 482w, https:\/\/easyfairsassets.com\/sites\/371\/2025\/11\/Nekkerhal-logo-300x258.png 300w\" sizes=\"(max-width: 482px) 100vw, 482px\" \/>\t\t\t\t\t\t\t\t<\/a>\n\t\t\t\t\t\t\t\t\t\t\t\t\t\t\t<\/div>\n\t\t\t\t<\/div>\n\t\t<div class=\"elementor-element elementor-element-aa62fdf e-con-full e-flex e-con e-child\" data-id=\"aa62fdf\" data-element_type=\"container\" data-settings=\"{&quot;background_background&quot;:&quot;classic&quot;}\">\n\t\t\t\t<div class=\"elementor-element elementor-element-675fcc2 elementor-widget elementor-widget-image\" data-id=\"675fcc2\" data-element_type=\"widget\" data-widget_type=\"image.default\">\n\t\t\t\t\t\t\t\t\t\t\t\t\t\t\t\t<a href=\"https:\/\/www.namurexpo.be\/\" target=\"_blank\">\n\t\t\t\t\t\t\t<img loading=\"lazy\" decoding=\"async\" width=\"482\" height=\"415\" src=\"https:\/\/easyfairsassets.com\/sites\/371\/2025\/11\/namur-expo-logo.png\" class=\"attachment-large size-large wp-image-22584\" alt=\"\" srcset=\"https:\/\/easyfairsassets.com\/sites\/371\/2025\/11\/namur-expo-logo.png 482w, https:\/\/easyfairsassets.com\/sites\/371\/2025\/11\/namur-expo-logo-300x258.png 300w\" sizes=\"(max-width: 482px) 100vw, 482px\" \/>\t\t\t\t\t\t\t\t<\/a>\n\t\t\t\t\t\t\t\t\t\t\t\t\t\t\t<\/div>\n\t\t\t\t<\/div>\n\t\t\t\t<\/div>\n\t\t\t\t<\/div>\n\t\t\t\t<\/div>\n\t\t","protected":false},"excerpt":{"rendered":"<p>Presse &amp; M\u00e9dias Pour toute question relative \u00e0 la presse, aux visuels et \u00e0 la communication officielle concernant Flanders Expo. Une question sp\u00e9cifique ? Laissez-nous vous aider \u00e0 raconter une histoire qui captivera votre public. Vous souhaitez parler \u00e0 l&rsquo;un de nos porte-paroles ? Nous nous ferons un plaisir de vous aider. Alain D&rsquo;Haese COO [&hellip;]<\/p>\n","protected":false},"author":949,"featured_media":0,"parent":27438,"menu_order":0,"comment_status":"closed","ping_status":"closed","template":"","meta":{"_seopress_robots_primary_cat":"","_seopress_titles_title":"","_seopress_titles_desc":"","_seopress_robots_index":"","footnotes":""},"class_list":["post-27271","page","type-page","status-publish","hentry"],"meta_box":[],"_links":{"self":[{"href":"https:\/\/www.flandersexpo.be\/fr\/wp-json\/wp\/v2\/pages\/27271","targetHints":{"allow":["GET"]}}],"collection":[{"href":"https:\/\/www.flandersexpo.be\/fr\/wp-json\/wp\/v2\/pages"}],"about":[{"href":"https:\/\/www.flandersexpo.be\/fr\/wp-json\/wp\/v2\/types\/page"}],"author":[{"embeddable":true,"href":"https:\/\/www.flandersexpo.be\/fr\/wp-json\/wp\/v2\/users\/949"}],"replies":[{"embeddable":true,"href":"https:\/\/www.flandersexpo.be\/fr\/wp-json\/wp\/v2\/comments?post=27271"}],"version-history":[{"count":3,"href":"https:\/\/www.flandersexpo.be\/fr\/wp-json\/wp\/v2\/pages\/27271\/revisions"}],"predecessor-version":[{"id":29943,"href":"https:\/\/www.flandersexpo.be\/fr\/wp-json\/wp\/v2\/pages\/27271\/revisions\/29943"}],"up":[{"embeddable":true,"href":"https:\/\/www.flandersexpo.be\/fr\/wp-json\/wp\/v2\/pages\/27438"}],"wp:attachment":[{"href":"https:\/\/www.flandersexpo.be\/fr\/wp-json\/wp\/v2\/media?parent=27271"}],"curies":[{"name":"wp","href":"https:\/\/api.w.org\/{rel}","templated":true}]}}