{"id":27302,"date":"2026-02-03T09:21:38","date_gmt":"2026-02-03T08:21:38","guid":{"rendered":"https:\/\/www.flandersexpo.be\/sfeer\/"},"modified":"2026-02-09T09:35:10","modified_gmt":"2026-02-09T08:35:10","slug":"sfeer","status":"publish","type":"page","link":"https:\/\/www.flandersexpo.be\/fr\/sfeer\/","title":{"rendered":"Sfeer"},"content":{"rendered":"\t\t<div data-elementor-type=\"wp-page\" data-elementor-id=\"27302\" class=\"elementor elementor-27302 elementor-25473\" data-elementor-post-type=\"page\">\n\t\t\t\t<div class=\"elementor-element elementor-element-0b49d19 e-con-full e-flex e-con e-parent\" data-id=\"0b49d19\" data-element_type=\"container\">\n\t\t<div class=\"elementor-element elementor-element-96c3d4a e-con-full e-flex e-con e-child\" data-id=\"96c3d4a\" data-element_type=\"container\" data-settings=\"{&quot;background_background&quot;:&quot;classic&quot;}\">\n\t\t<div class=\"elementor-element elementor-element-89b9442 e-con-full e-flex e-con e-child\" data-id=\"89b9442\" data-element_type=\"container\">\n\t\t<div class=\"elementor-element elementor-element-47e5fcb e-con-full e-flex e-con e-child\" data-id=\"47e5fcb\" data-element_type=\"container\">\n\t\t\t\t<div class=\"elementor-element elementor-element-213065d elementor-widget elementor-widget-image\" data-id=\"213065d\" data-element_type=\"widget\" data-widget_type=\"image.default\">\n\t\t\t\t\t\t\t\t\t\t\t\t\t\t\t<img fetchpriority=\"high\" decoding=\"async\" width=\"800\" height=\"454\" src=\"https:\/\/easyfairsassets.com\/sites\/371\/2026\/01\/logo_sfeer-antw.png\" class=\"attachment-large size-large wp-image-25479\" alt=\"\" srcset=\"https:\/\/easyfairsassets.com\/sites\/371\/2026\/01\/logo_sfeer-antw.png 1024w, https:\/\/easyfairsassets.com\/sites\/371\/2026\/01\/logo_sfeer-antw-300x170.png 300w, https:\/\/easyfairsassets.com\/sites\/371\/2026\/01\/logo_sfeer-antw-768x436.png 768w\" sizes=\"(max-width: 800px) 100vw, 800px\" \/>\t\t\t\t\t\t\t\t\t\t\t\t\t\t\t<\/div>\n\t\t\t\t<\/div>\n\t\t<div class=\"elementor-element elementor-element-7f7ffc3 e-con-full e-flex e-con e-child\" data-id=\"7f7ffc3\" data-element_type=\"container\">\n\t\t\t\t<div class=\"elementor-element elementor-element-6589507 elementor-widget elementor-widget-text-editor\" data-id=\"6589507\" data-element_type=\"widget\" data-widget_type=\"text-editor.default\">\n\t\t\t\t\t\t\t\t\t<p>Sfeer, le salon pour les passionn\u00e9s de la maison et du jardin, ou plus pr\u00e9cis\u00e9ment de l&rsquo;am\u00e9nagement int\u00e9rieur et ext\u00e9rieur, n&rsquo;est plus organis\u00e9. Mais rassurez-vous, <strong>vous pouvez toujours vous rendre \u00e0 l&rsquo;un de ces salons r\u00e9gionaux de r\u00e9f\u00e9rence pour tous vos projets d&rsquo;habitation, de construction et de r\u00e9novation<\/strong>. Lors de Bis \u00e0 Gand, Bouw&amp;reno \u00e0 Anvers et Wonen \u00e0 Malines, vous ferez <strong>le plein d&rsquo;informations et d&rsquo;inspiration gr\u00e2ce \u00e0 nos exposants et partenaires sp\u00e9cialis\u00e9s<\/strong>. Vous trouverez plus d&rsquo;informations sur les prochaines \u00e9ditions ci-dessous.<\/p>\n\t\t\t\t\t\t\t\t<\/div>\n\t\t\t\t<\/div>\n\t\t\t\t<\/div>\n\t\t\t\t<\/div>\n\t\t\t\t<\/div>\n\t\t<div class=\"elementor-element elementor-element-7592f01 e-con-full e-flex e-con e-parent\" data-id=\"7592f01\" data-element_type=\"container\">\n\t\t<div class=\"elementor-element elementor-element-7534563 e-con-full e-flex elementor-invisible e-con e-child\" data-id=\"7534563\" data-element_type=\"container\" data-settings=\"{&quot;animation&quot;:&quot;fadeIn&quot;}\">\n\t\t\t\t<div class=\"elementor-element elementor-element-9527b92 elementor-cta--valign-bottom elementor-cta--skin-classic elementor-animated-content elementor-widget elementor-widget-call-to-action\" data-id=\"9527b92\" data-element_type=\"widget\" data-widget_type=\"call-to-action.default\">\n\t\t\t\t\t\t\t<div class=\"elementor-cta\">\n\t\t\t\t\t\t\t<div class=\"elementor-cta__content\">\n\t\t\t\t\t\t\t\t\t<div class=\"elementor-content-item elementor-cta__content-item elementor-cta__image\">\n\t\t\t\t\t\t<img decoding=\"async\" width=\"1920\" height=\"672\" src=\"https:\/\/easyfairsassets.com\/sites\/371\/2026\/01\/BIS_Tijdloos_logo_RGB_liggend_blokken.jpg\" class=\"attachment-full size-full wp-image-25480\" alt=\"\" srcset=\"https:\/\/easyfairsassets.com\/sites\/371\/2026\/01\/BIS_Tijdloos_logo_RGB_liggend_blokken.jpg 1920w, https:\/\/easyfairsassets.com\/sites\/371\/2026\/01\/BIS_Tijdloos_logo_RGB_liggend_blokken-300x105.jpg 300w, https:\/\/easyfairsassets.com\/sites\/371\/2026\/01\/BIS_Tijdloos_logo_RGB_liggend_blokken-1024x358.jpg 1024w, https:\/\/easyfairsassets.com\/sites\/371\/2026\/01\/BIS_Tijdloos_logo_RGB_liggend_blokken-768x269.jpg 768w, https:\/\/easyfairsassets.com\/sites\/371\/2026\/01\/BIS_Tijdloos_logo_RGB_liggend_blokken-1536x538.jpg 1536w\" sizes=\"(max-width: 1920px) 100vw, 1920px\" \/>\t\t\t\t\t<\/div>\n\t\t\t\t\n\t\t\t\t\t\t\t\t\t<h2 class=\"elementor-cta__title elementor-cta__content-item elementor-content-item\">\n\t\t\t\t\t\tBIS\t\t\t\t\t<\/h2>\n\t\t\t\t\n\t\t\t\t\t\t\t\t\t<div class=\"elementor-cta__description elementor-cta__content-item elementor-content-item\">\n\t\t\t\t\t\t<p>Flanders Expo Gand<\/p>\n\t\t\t\t\t<\/div>\n\t\t\t\t\n\t\t\t\t\t\t\t\t\t<div class=\"elementor-cta__button-wrapper elementor-cta__content-item elementor-content-item \">\n\t\t\t\t\t<a class=\"elementor-cta__button elementor-button elementor-size-\" href=\"https:\/\/www.bisbeurs.be\">\n\t\t\t\t\t\tVisiter\t\t\t\t\t<\/a>\n\t\t\t\t\t<\/div>\n\t\t\t\t\t\t\t<\/div>\n\t\t\t\t\t\t<\/div>\n\t\t\t\t\t\t<\/div>\n\t\t\t\t<\/div>\n\t\t<div class=\"elementor-element elementor-element-ea91981 e-con-full e-flex elementor-invisible e-con e-child\" data-id=\"ea91981\" data-element_type=\"container\" data-settings=\"{&quot;animation&quot;:&quot;fadeIn&quot;}\">\n\t\t\t\t<div class=\"elementor-element elementor-element-52da425 elementor-cta--valign-bottom elementor-cta--skin-classic elementor-animated-content elementor-bg-transform elementor-bg-transform-zoom-in elementor-widget elementor-widget-call-to-action\" data-id=\"52da425\" data-element_type=\"widget\" data-widget_type=\"call-to-action.default\">\n\t\t\t\t\t\t\t<div class=\"elementor-cta\">\n\t\t\t\t\t\t\t<div class=\"elementor-cta__content\">\n\t\t\t\t\t\t\t\t\t<div class=\"elementor-content-item elementor-cta__content-item elementor-cta__image\">\n\t\t\t\t\t\t<img decoding=\"async\" width=\"533\" height=\"307\" src=\"https:\/\/easyfairsassets.com\/sites\/371\/2026\/01\/BOR.svg\" class=\"attachment-thumbnail size-thumbnail wp-image-25483\" alt=\"\" \/>\t\t\t\t\t<\/div>\n\t\t\t\t\n\t\t\t\t\t\t\t\t\t<h2 class=\"elementor-cta__title elementor-cta__content-item elementor-content-item\">\n\t\t\t\t\t\tBOUW&amp;RENO\t\t\t\t\t<\/h2>\n\t\t\t\t\n\t\t\t\t\t\t\t\t\t<div class=\"elementor-cta__description elementor-cta__content-item elementor-content-item\">\n\t\t\t\t\t\t<p>Antwerp Expo<\/p>\n\t\t\t\t\t<\/div>\n\t\t\t\t\n\t\t\t\t\t\t\t\t\t<div class=\"elementor-cta__button-wrapper elementor-cta__content-item elementor-content-item \">\n\t\t\t\t\t<a class=\"elementor-cta__button elementor-button elementor-size-\" href=\"https:\/\/www.bouwreno.be\/\">\n\t\t\t\t\t\tVisiter\t\t\t\t\t<\/a>\n\t\t\t\t\t<\/div>\n\t\t\t\t\t\t\t<\/div>\n\t\t\t\t\t\t<\/div>\n\t\t\t\t\t\t<\/div>\n\t\t\t\t<\/div>\n\t\t<div class=\"elementor-element elementor-element-a155ca3 e-con-full e-flex elementor-invisible e-con e-child\" data-id=\"a155ca3\" data-element_type=\"container\" data-settings=\"{&quot;animation&quot;:&quot;fadeIn&quot;}\">\n\t\t\t\t<div class=\"elementor-element elementor-element-1ecaf9d elementor-cta--valign-bottom elementor-cta--skin-classic elementor-animated-content elementor-bg-transform elementor-bg-transform-zoom-in elementor-widget elementor-widget-call-to-action\" data-id=\"1ecaf9d\" data-element_type=\"widget\" data-widget_type=\"call-to-action.default\">\n\t\t\t\t\t\t\t<div class=\"elementor-cta\">\n\t\t\t\t\t\t\t<div class=\"elementor-cta__content\">\n\t\t\t\t\t\t\t\t\t<div class=\"elementor-content-item elementor-cta__content-item elementor-cta__image\">\n\t\t\t\t\t\t<img loading=\"lazy\" decoding=\"async\" width=\"1041\" height=\"267\" src=\"https:\/\/easyfairsassets.com\/sites\/371\/2026\/01\/Wonen.svg\" class=\"attachment-thumbnail size-thumbnail wp-image-25486\" alt=\"\" \/>\t\t\t\t\t<\/div>\n\t\t\t\t\n\t\t\t\t\t\t\t\t\t<h2 class=\"elementor-cta__title elementor-cta__content-item elementor-content-item\">\n\t\t\t\t\t\tWONEN\t\t\t\t\t<\/h2>\n\t\t\t\t\n\t\t\t\t\t\t\t\t\t<div class=\"elementor-cta__description elementor-cta__content-item elementor-content-item\">\n\t\t\t\t\t\t<p>Nekkerhal Malines<\/p>\n\t\t\t\t\t<\/div>\n\t\t\t\t\n\t\t\t\t\t\t\t\t\t<div class=\"elementor-cta__button-wrapper elementor-cta__content-item elementor-content-item \">\n\t\t\t\t\t<a class=\"elementor-cta__button elementor-button elementor-size-\" href=\"https:\/\/www.wonen.eu\/\">\n\t\t\t\t\t\tVisiter\t\t\t\t\t<\/a>\n\t\t\t\t\t<\/div>\n\t\t\t\t\t\t\t<\/div>\n\t\t\t\t\t\t<\/div>\n\t\t\t\t\t\t<\/div>\n\t\t\t\t<\/div>\n\t\t\t\t<\/div>\n\t\t\t\t<\/div>\n\t\t","protected":false},"excerpt":{"rendered":"<p>Sfeer, le salon pour les passionn\u00e9s de la maison et du jardin, ou plus pr\u00e9cis\u00e9ment de l&rsquo;am\u00e9nagement int\u00e9rieur et ext\u00e9rieur, n&rsquo;est plus organis\u00e9. Mais rassurez-vous, vous pouvez toujours vous rendre \u00e0 l&rsquo;un de ces salons r\u00e9gionaux de r\u00e9f\u00e9rence pour tous vos projets d&rsquo;habitation, de construction et de r\u00e9novation. Lors de Bis \u00e0 Gand, Bouw&amp;reno \u00e0 [&hellip;]<\/p>\n","protected":false},"author":949,"featured_media":0,"parent":0,"menu_order":0,"comment_status":"closed","ping_status":"closed","template":"","meta":{"_seopress_robots_primary_cat":"","_seopress_titles_title":"","_seopress_titles_desc":"","_seopress_robots_index":"","footnotes":""},"class_list":["post-27302","page","type-page","status-publish","hentry"],"meta_box":[],"_links":{"self":[{"href":"https:\/\/www.flandersexpo.be\/fr\/wp-json\/wp\/v2\/pages\/27302","targetHints":{"allow":["GET"]}}],"collection":[{"href":"https:\/\/www.flandersexpo.be\/fr\/wp-json\/wp\/v2\/pages"}],"about":[{"href":"https:\/\/www.flandersexpo.be\/fr\/wp-json\/wp\/v2\/types\/page"}],"author":[{"embeddable":true,"href":"https:\/\/www.flandersexpo.be\/fr\/wp-json\/wp\/v2\/users\/949"}],"replies":[{"embeddable":true,"href":"https:\/\/www.flandersexpo.be\/fr\/wp-json\/wp\/v2\/comments?post=27302"}],"version-history":[{"count":2,"href":"https:\/\/www.flandersexpo.be\/fr\/wp-json\/wp\/v2\/pages\/27302\/revisions"}],"predecessor-version":[{"id":29933,"href":"https:\/\/www.flandersexpo.be\/fr\/wp-json\/wp\/v2\/pages\/27302\/revisions\/29933"}],"wp:attachment":[{"href":"https:\/\/www.flandersexpo.be\/fr\/wp-json\/wp\/v2\/media?parent=27302"}],"curies":[{"name":"wp","href":"https:\/\/api.w.org\/{rel}","templated":true}]}}