{"id":27315,"date":"2026-02-03T09:21:46","date_gmt":"2026-02-03T08:21:46","guid":{"rendered":"https:\/\/www.flandersexpo.be\/ik-heb-een-afspraak-bij-easyfairs\/"},"modified":"2026-04-14T08:55:16","modified_gmt":"2026-04-14T06:55:16","slug":"jai-un-rendez-vous-chez-easyfairs","status":"publish","type":"page","link":"https:\/\/www.flandersexpo.be\/fr\/contact\/adresse-itineraire\/jai-un-rendez-vous-chez-easyfairs\/","title":{"rendered":"J&rsquo;ai un rendez-vous chez Easyfairs"},"content":{"rendered":"\t\t<div data-elementor-type=\"wp-page\" data-elementor-id=\"27315\" class=\"elementor elementor-27315 elementor-22372\" data-elementor-post-type=\"page\">\n\t\t\t\t<div class=\"elementor-element elementor-element-593de28 e-con-full e-flex e-con e-parent\" data-id=\"593de28\" data-element_type=\"container\">\n\t\t<div class=\"elementor-element elementor-element-8a79fb5 e-con-full e-flex e-con e-child\" data-id=\"8a79fb5\" data-element_type=\"container\">\n\t\t\t\t<\/div>\n\t\t<div class=\"elementor-element elementor-element-90400e8 e-con-full e-flex e-con e-child\" data-id=\"90400e8\" data-element_type=\"container\">\n\t\t\t\t<div class=\"elementor-element elementor-element-8679753 elementor-widget elementor-widget-heading\" data-id=\"8679753\" data-element_type=\"widget\" data-widget_type=\"heading.default\">\n\t\t\t\t\t<h2 class=\"elementor-heading-title elementor-size-default\">Votre rendez-vous chez Easyfairs<br>\n<small>Voici comment rejoindre les bureaux d'Easyfairs sur le site de Flanders Expo.<Small><\/h2>\t\t\t\t<\/div>\n\t\t<div class=\"elementor-element elementor-element-f28d0dc e-con-full e-flex e-con e-child\" data-id=\"f28d0dc\" data-element_type=\"container\">\n\t\t\t\t<div class=\"elementor-element elementor-element-51ecbe4 elementor-widget elementor-widget-button\" data-id=\"51ecbe4\" data-element_type=\"widget\" data-widget_type=\"button.default\">\n\t\t\t\t\t\t\t\t\t\t<a class=\"elementor-button elementor-button-link elementor-size-sm\" href=\"https:\/\/easyfairsassets.com\/sites\/371\/2026\/01\/FE_bereikbaarheidsfiche__ParkingA4.pdf\" target=\"_blank\">\n\t\t\t\t\t\t<span class=\"elementor-button-content-wrapper\">\n\t\t\t\t\t\t\t\t\t<span class=\"elementor-button-text\">T\u00e9l\u00e9chargez notre document de signalisation<\/span>\n\t\t\t\t\t<\/span>\n\t\t\t\t\t<\/a>\n\t\t\t\t\t\t\t\t<\/div>\n\t\t\t\t<\/div>\n\t\t\t\t<\/div>\n\t\t\t\t<div class=\"elementor-element elementor-element-79f8e2e elementor-absolute elementor-widget elementor-widget-image\" data-id=\"79f8e2e\" data-element_type=\"widget\" data-settings=\"{&quot;_position&quot;:&quot;absolute&quot;}\" data-widget_type=\"image.default\">\n\t\t\t\t\t\t\t\t\t\t\t\t\t\t\t<img fetchpriority=\"high\" decoding=\"async\" width=\"800\" height=\"450\" src=\"https:\/\/easyfairsassets.com\/sites\/371\/2026\/01\/DJI_20251107144522_0107_D.jpg\" class=\"attachment-full size-full wp-image-26330\" alt=\"\" srcset=\"https:\/\/easyfairsassets.com\/sites\/371\/2026\/01\/DJI_20251107144522_0107_D.jpg 800w, https:\/\/easyfairsassets.com\/sites\/371\/2026\/01\/DJI_20251107144522_0107_D-300x169.jpg 300w, https:\/\/easyfairsassets.com\/sites\/371\/2026\/01\/DJI_20251107144522_0107_D-768x432.jpg 768w\" sizes=\"(max-width: 800px) 100vw, 800px\" \/>\t\t\t\t\t\t\t\t\t\t\t\t\t\t\t<\/div>\n\t\t\t\t<\/div>\n\t\t<div class=\"elementor-element elementor-element-183f467 e-con-full e-flex e-con e-parent\" data-id=\"183f467\" data-element_type=\"container\">\n\t\t<div class=\"elementor-element elementor-element-2acdae8 e-con-full e-flex e-con e-child\" data-id=\"2acdae8\" data-element_type=\"container\">\n\t\t<div class=\"elementor-element elementor-element-b2c8910 e-con-full e-flex e-con e-child\" data-id=\"b2c8910\" data-element_type=\"container\" data-settings=\"{&quot;background_background&quot;:&quot;classic&quot;}\">\n\t\t\t\t<div class=\"elementor-element elementor-element-c8fbcaa elementor-widget elementor-widget-heading\" data-id=\"c8fbcaa\" data-element_type=\"widget\" data-widget_type=\"heading.default\">\n\t\t\t\t\t<h2 class=\"elementor-heading-title elementor-size-default\">Acc\u00e8s aux bureaux d'Easyfairs<\/h2>\t\t\t\t<\/div>\n\t\t\t\t<div class=\"elementor-element elementor-element-17e164d elementor-widget elementor-widget-text-editor\" data-id=\"17e164d\" data-element_type=\"widget\" data-widget_type=\"text-editor.default\">\n\t\t\t\t\t\t\t\t\t<p class=\"p1\">Les bureaux d&rsquo;Easyfairs sont situ\u00e9s sur le site de Flanders Expo, \u00e0 proximit\u00e9 de [Hall X \/ Entr\u00e9e des bureaux].<\/p>\n<p class=\"p1\">Suivez l&rsquo;itin\u00e9raire ci-dessous pour acc\u00e9der facilement \u00e0 l&rsquo;entr\u00e9e.<\/p>\n<p class=\"p3\"><b>Itin\u00e9raire :<\/b><b><\/b><\/p>\n<ol start=\"1\">\n<li>\n<p class=\"p1\"><span class=\"s1\">Prenez la sortie E40 <\/span><b>5 \u2013 Gent Expo \/ The Loop<\/b><span class=\"s1\">.<\/span><\/p>\n<\/li>\n<li>\n<p class=\"p1\">Suivez la signalisation vers le <span class=\"s1\"><b>PA3 \u2013 Parking Visiteurs<\/b><\/span>.<\/p>\n<\/li>\n<li>\n<p class=\"p1\">Garez-vous dans la zone visiteurs.<\/p>\n<\/li>\n<li>\n<p class=\"p1\">Marchez vers l&rsquo;entr\u00e9e indiqu\u00e9e par <span class=\"s1\"><b>Easyfairs Offices<\/b><\/span>.<\/p>\n<\/li>\n<\/ol>\n\t\t\t\t\t\t\t\t<\/div>\n\t\t\t\t<div class=\"elementor-element elementor-element-9b9b6a8 elementor-widget elementor-widget-video\" data-id=\"9b9b6a8\" data-element_type=\"widget\" data-settings=\"{&quot;youtube_url&quot;:&quot;https:\\\/\\\/www.youtube.com\\\/watch?v=g1-Kw7xWVnc&quot;,&quot;video_type&quot;:&quot;youtube&quot;,&quot;controls&quot;:&quot;yes&quot;}\" data-widget_type=\"video.default\">\n\t\t\t\t\t\t\t<div class=\"elementor-wrapper elementor-open-inline\">\n\t\t\t<div class=\"elementor-video\"><\/div>\t\t<\/div>\n\t\t\t\t\t\t<\/div>\n\t\t\t\t<\/div>\n\t\t<div class=\"elementor-element elementor-element-b9dc5e6 e-con-full e-flex e-con e-child\" data-id=\"b9dc5e6\" data-element_type=\"container\">\n\t\t\t\t<div class=\"elementor-element elementor-element-6a80689 elementor-widget elementor-widget-n-accordion\" data-id=\"6a80689\" data-element_type=\"widget\" data-settings=\"{&quot;default_state&quot;:&quot;expanded&quot;,&quot;max_items_expended&quot;:&quot;one&quot;,&quot;n_accordion_animation_duration&quot;:{&quot;unit&quot;:&quot;ms&quot;,&quot;size&quot;:400,&quot;sizes&quot;:[]}}\" data-widget_type=\"nested-accordion.default\">\n\t\t\t\t\t\t\t<div class=\"e-n-accordion\" aria-label=\"Accordion. Open links with Enter or Space, close with Escape, and navigate with Arrow Keys\">\n\t\t\t\t\t\t<details id=\"e-n-accordion-item-1110\" class=\"e-n-accordion-item\" open>\n\t\t\t\t<summary class=\"e-n-accordion-item-title\" data-accordion-index=\"1\" tabindex=\"0\" aria-expanded=\"true\" aria-controls=\"e-n-accordion-item-1110\" >\n\t\t\t\t\t<span class='e-n-accordion-item-title-header'><div class=\"e-n-accordion-item-title-text\"> Stationnement pour les utilisateurs des bureaux <\/div><\/span>\n\t\t\t\t\t\t\t<span class='e-n-accordion-item-title-icon'>\n\t\t\t<span class='e-opened' ><i aria-hidden=\"true\" class=\"fas fa-chevron-down\"><\/i><\/span>\n\t\t\t<span class='e-closed'><i aria-hidden=\"true\" class=\"fas fa-chevron-right\"><\/i><\/span>\n\t\t<\/span>\n\n\t\t\t\t\t\t<\/summary>\n\t\t\t\t<div role=\"region\" aria-labelledby=\"e-n-accordion-item-1110\" class=\"elementor-element elementor-element-9ac59a9 e-con-full e-flex e-con e-child\" data-id=\"9ac59a9\" data-element_type=\"container\">\n\t\t\t\t<div class=\"elementor-element elementor-element-d291f04 elementor-widget elementor-widget-text-editor\" data-id=\"d291f04\" data-element_type=\"widget\" data-widget_type=\"text-editor.default\">\n\t\t\t\t\t\t\t\t\t<ul>\n<li>\n<p class=\"p1\">Utilisez le <span class=\"s1\"><b>PA3<\/b><b><\/b><\/span><\/p>\n<\/li>\n<li>\n<p class=\"p1\">Les conditions de stationnement peuvent varier lors de grands \u00e9v\u00e9nements<\/p>\n<\/li>\n<li>\n<p class=\"p1\">Gardez votre confirmation de rendez-vous \u00e0 port\u00e9e de main<\/p>\n<\/li>\n<\/ul>\n\t\t\t\t\t\t\t\t<\/div>\n\t\t\t\t<\/div>\n\t\t\t\t\t<\/details>\n\t\t\t\t\t\t<details id=\"e-n-accordion-item-1111\" class=\"e-n-accordion-item\" >\n\t\t\t\t<summary class=\"e-n-accordion-item-title\" data-accordion-index=\"2\" tabindex=\"-1\" aria-expanded=\"false\" aria-controls=\"e-n-accordion-item-1111\" >\n\t\t\t\t\t<span class='e-n-accordion-item-title-header'><div class=\"e-n-accordion-item-title-text\"> \u00c0 votre arriv\u00e9e <\/div><\/span>\n\t\t\t\t\t\t\t<span class='e-n-accordion-item-title-icon'>\n\t\t\t<span class='e-opened' ><i aria-hidden=\"true\" class=\"fas fa-chevron-down\"><\/i><\/span>\n\t\t\t<span class='e-closed'><i aria-hidden=\"true\" class=\"fas fa-chevron-right\"><\/i><\/span>\n\t\t<\/span>\n\n\t\t\t\t\t\t<\/summary>\n\t\t\t\t<div role=\"region\" aria-labelledby=\"e-n-accordion-item-1111\" class=\"elementor-element elementor-element-e401bd5 e-con-full e-flex e-con e-child\" data-id=\"e401bd5\" data-element_type=\"container\">\n\t\t\t\t<div class=\"elementor-element elementor-element-b9eeb31 elementor-widget elementor-widget-text-editor\" data-id=\"b9eeb31\" data-element_type=\"widget\" data-widget_type=\"text-editor.default\">\n\t\t\t\t\t\t\t\t\t<ul>\n<li>\n<p class=\"p1\">Pr\u00e9sentez-vous \u00e0 la r\u00e9ception d&rsquo;Easyfairs<\/p>\n<\/li>\n<li>\n<p class=\"p1\">Indiquez le nom de votre personne de contact<\/p>\n<\/li>\n<li>\n<p class=\"p1\">On viendra vous chercher dans le hall d&rsquo;accueil (lobby)<\/p>\n<\/li>\n<\/ul>\n\t\t\t\t\t\t\t\t<\/div>\n\t\t\t\t<\/div>\n\t\t\t\t\t<\/details>\n\t\t\t\t\t<\/div>\n\t\t\t\t\t<script type=\"application\/ld+json\">{\"@context\":\"https:\\\/\\\/schema.org\",\"@type\":\"FAQPage\",\"mainEntity\":[{\"@type\":\"Question\",\"name\":\"Stationnement pour les utilisateurs des bureaux\",\"acceptedAnswer\":{\"@type\":\"Answer\",\"text\":\"Utilisez le PA3\\n\\n\\nLes conditions de stationnement peuvent varier lors de grands \\u00e9v\\u00e9nements\\n\\n\\nGardez votre confirmation de rendez-vous \\u00e0 port\\u00e9e de main\"}},{\"@type\":\"Question\",\"name\":\"\\u00c0 votre arriv\\u00e9e\",\"acceptedAnswer\":{\"@type\":\"Answer\",\"text\":\"Pr\\u00e9sentez-vous \\u00e0 la r\\u00e9ception d&rsquo;Easyfairs\\n\\n\\nIndiquez le nom de votre personne de contact\\n\\n\\nOn viendra vous chercher dans le hall d&rsquo;accueil (lobby)\"}}]}<\/script>\n\t\t\t\t\t\t\t<\/div>\n\t\t<div class=\"elementor-element elementor-element-6369107 e-con-full e-flex e-con e-child\" data-id=\"6369107\" data-element_type=\"container\">\n\t\t\t\t<div class=\"elementor-element elementor-element-8187455 elementor-widget elementor-widget-button\" data-id=\"8187455\" data-element_type=\"widget\" data-widget_type=\"button.default\">\n\t\t\t\t\t\t\t\t\t\t<a class=\"elementor-button elementor-button-link elementor-size-sm\" href=\"https:\/\/easyfairsassets.com\/sites\/371\/2026\/01\/FE_bereikbaarheidsfiche__ParkingA4.pdf\" target=\"_blank\">\n\t\t\t\t\t\t<span class=\"elementor-button-content-wrapper\">\n\t\t\t\t\t\t\t\t\t<span class=\"elementor-button-text\">Fiche d'accessibilit\u00e9<\/span>\n\t\t\t\t\t<\/span>\n\t\t\t\t\t<\/a>\n\t\t\t\t\t\t\t\t<\/div>\n\t\t\t\t<\/div>\n\t\t\t\t<\/div>\n\t\t\t\t<\/div>\n\t\t\t\t<\/div>\n\t\t\t\t<\/div>\n\t\t","protected":false},"excerpt":{"rendered":"<p>Votre rendez-vous chez Easyfairs Voici comment rejoindre les bureaux d&rsquo;Easyfairs sur le site de Flanders Expo. T\u00e9l\u00e9chargez notre document de signalisation Acc\u00e8s aux bureaux d&rsquo;Easyfairs Les bureaux d&rsquo;Easyfairs sont situ\u00e9s sur le site de Flanders Expo, \u00e0 proximit\u00e9 de [Hall X \/ Entr\u00e9e des bureaux]. Suivez l&rsquo;itin\u00e9raire ci-dessous pour acc\u00e9der facilement \u00e0 l&rsquo;entr\u00e9e. Itin\u00e9raire : [&hellip;]<\/p>\n","protected":false},"author":949,"featured_media":0,"parent":27383,"menu_order":0,"comment_status":"closed","ping_status":"closed","template":"","meta":{"_seopress_robots_primary_cat":"","_seopress_titles_title":"","_seopress_titles_desc":"","_seopress_robots_index":"","footnotes":""},"class_list":["post-27315","page","type-page","status-publish","hentry"],"meta_box":[],"_links":{"self":[{"href":"https:\/\/www.flandersexpo.be\/fr\/wp-json\/wp\/v2\/pages\/27315","targetHints":{"allow":["GET"]}}],"collection":[{"href":"https:\/\/www.flandersexpo.be\/fr\/wp-json\/wp\/v2\/pages"}],"about":[{"href":"https:\/\/www.flandersexpo.be\/fr\/wp-json\/wp\/v2\/types\/page"}],"author":[{"embeddable":true,"href":"https:\/\/www.flandersexpo.be\/fr\/wp-json\/wp\/v2\/users\/949"}],"replies":[{"embeddable":true,"href":"https:\/\/www.flandersexpo.be\/fr\/wp-json\/wp\/v2\/comments?post=27315"}],"version-history":[{"count":4,"href":"https:\/\/www.flandersexpo.be\/fr\/wp-json\/wp\/v2\/pages\/27315\/revisions"}],"predecessor-version":[{"id":33826,"href":"https:\/\/www.flandersexpo.be\/fr\/wp-json\/wp\/v2\/pages\/27315\/revisions\/33826"}],"up":[{"embeddable":true,"href":"https:\/\/www.flandersexpo.be\/fr\/wp-json\/wp\/v2\/pages\/27383"}],"wp:attachment":[{"href":"https:\/\/www.flandersexpo.be\/fr\/wp-json\/wp\/v2\/media?parent=27315"}],"curies":[{"name":"wp","href":"https:\/\/api.w.org\/{rel}","templated":true}]}}