{"id":27383,"date":"2026-02-03T09:22:33","date_gmt":"2026-02-03T08:22:33","guid":{"rendered":"https:\/\/www.flandersexpo.be\/adres-route\/"},"modified":"2026-04-14T12:07:52","modified_gmt":"2026-04-14T10:07:52","slug":"adresse-itineraire","status":"publish","type":"page","link":"https:\/\/www.flandersexpo.be\/fr\/contact\/adresse-itineraire\/","title":{"rendered":"Adresse &amp; Itin\u00e9raire"},"content":{"rendered":"\t\t<div data-elementor-type=\"wp-page\" data-elementor-id=\"27383\" class=\"elementor elementor-27383 elementor-22364\" data-elementor-post-type=\"page\">\n\t\t\t\t<div class=\"elementor-element elementor-element-4e7f870 e-con-full e-flex e-con e-parent\" data-id=\"4e7f870\" data-element_type=\"container\">\n\t\t<div class=\"elementor-element elementor-element-fb7ea2a e-con-full e-flex e-con e-child\" data-id=\"fb7ea2a\" data-element_type=\"container\">\n\t\t\t\t<\/div>\n\t\t<div class=\"elementor-element elementor-element-52cd39c e-con-full e-flex e-con e-child\" data-id=\"52cd39c\" data-element_type=\"container\">\n\t\t\t\t<div class=\"elementor-element elementor-element-0cac294 elementor-widget elementor-widget-heading\" data-id=\"0cac294\" data-element_type=\"widget\" data-widget_type=\"heading.default\">\n\t\t\t\t\t<h2 class=\"elementor-heading-title elementor-size-default\">Adresse et Itin\u00e9raire<\/h2>\t\t\t\t<\/div>\n\t\t<div class=\"elementor-element elementor-element-cb5d772 e-con-full e-flex e-con e-child\" data-id=\"cb5d772\" data-element_type=\"container\">\n\t\t\t\t<div class=\"elementor-element elementor-element-1aa997b elementor-widget elementor-widget-button\" data-id=\"1aa997b\" data-element_type=\"widget\" data-widget_type=\"button.default\">\n\t\t\t\t\t\t\t\t\t\t<a class=\"elementor-button elementor-button-link elementor-size-sm\" href=\"https:\/\/www.flandersexpo.be\/fr\/calendrier\/\">\n\t\t\t\t\t\t<span class=\"elementor-button-content-wrapper\">\n\t\t\t\t\t\t\t\t\t<span class=\"elementor-button-text\">Consultez notre calendrier<\/span>\n\t\t\t\t\t<\/span>\n\t\t\t\t\t<\/a>\n\t\t\t\t\t\t\t\t<\/div>\n\t\t\t\t<\/div>\n\t\t\t\t<\/div>\n\t\t\t\t<div class=\"elementor-element elementor-element-1f49ca4 elementor-absolute elementor-widget elementor-widget-image\" data-id=\"1f49ca4\" data-element_type=\"widget\" data-settings=\"{&quot;_position&quot;:&quot;absolute&quot;}\" data-widget_type=\"image.default\">\n\t\t\t\t\t\t\t\t\t\t\t\t\t\t\t<img fetchpriority=\"high\" decoding=\"async\" width=\"800\" height=\"450\" src=\"https:\/\/easyfairsassets.com\/sites\/371\/2026\/01\/DJI_20251107144522_0107_D.jpg\" class=\"attachment-full size-full wp-image-26330\" alt=\"\" srcset=\"https:\/\/easyfairsassets.com\/sites\/371\/2026\/01\/DJI_20251107144522_0107_D.jpg 800w, https:\/\/easyfairsassets.com\/sites\/371\/2026\/01\/DJI_20251107144522_0107_D-300x169.jpg 300w, https:\/\/easyfairsassets.com\/sites\/371\/2026\/01\/DJI_20251107144522_0107_D-768x432.jpg 768w\" sizes=\"(max-width: 800px) 100vw, 800px\" \/>\t\t\t\t\t\t\t\t\t\t\t\t\t\t\t<\/div>\n\t\t\t\t<\/div>\n\t\t<div class=\"elementor-element elementor-element-df3cdf7 e-con-full e-flex e-con e-parent\" data-id=\"df3cdf7\" data-element_type=\"container\">\n\t\t<div class=\"elementor-element elementor-element-53ce356 e-con-full e-flex e-con e-child\" data-id=\"53ce356\" data-element_type=\"container\">\n\t\t<div class=\"elementor-element elementor-element-4b61c18 e-con-full e-flex e-con e-child\" data-id=\"4b61c18\" data-element_type=\"container\" data-settings=\"{&quot;background_background&quot;:&quot;classic&quot;}\">\n\t\t\t\t<div class=\"elementor-element elementor-element-74a7b0d elementor-widget elementor-widget-heading\" data-id=\"74a7b0d\" data-element_type=\"widget\" data-widget_type=\"heading.default\">\n\t\t\t\t\t<h2 class=\"elementor-heading-title elementor-size-default\">Coordonn\u00e9es<\/h2>\t\t\t\t<\/div>\n\t\t\t\t<div class=\"elementor-element elementor-element-8791977 elementor-widget elementor-widget-text-editor\" data-id=\"8791977\" data-element_type=\"widget\" data-widget_type=\"text-editor.default\">\n\t\t\t\t\t\t\t\t\t<p class=\"p1\">Flanders Expo<\/p>\n<p class=\"p1\">Maaltekouter 1, 9051 Gand, Belgique<\/p>\n\t\t\t\t\t\t\t\t<\/div>\n\t\t\t\t<div class=\"elementor-element elementor-element-de93381 elementor-widget elementor-widget-google_maps\" data-id=\"de93381\" data-element_type=\"widget\" data-widget_type=\"google_maps.default\">\n\t\t\t\t\t\t\t<div class=\"elementor-custom-embed\">\n\t\t\t<iframe loading=\"lazy\"\n\t\t\t\t\tsrc=\"https:\/\/maps.google.com\/maps?q=Flanders%20expo&#038;t=m&#038;z=10&#038;output=embed&#038;iwloc=near\"\n\t\t\t\t\ttitle=\"Flanders expo\"\n\t\t\t\t\taria-label=\"Flanders expo\"\n\t\t\t><\/iframe>\n\t\t<\/div>\n\t\t\t\t\t\t<\/div>\n\t\t\t\t<\/div>\n\t\t<div class=\"elementor-element elementor-element-f971eed e-con-full e-flex e-con e-child\" data-id=\"f971eed\" data-element_type=\"container\">\n\t\t\t\t<div class=\"elementor-element elementor-element-65dedd1 elementor-widget elementor-widget-n-accordion\" data-id=\"65dedd1\" data-element_type=\"widget\" data-settings=\"{&quot;default_state&quot;:&quot;expanded&quot;,&quot;max_items_expended&quot;:&quot;one&quot;,&quot;n_accordion_animation_duration&quot;:{&quot;unit&quot;:&quot;ms&quot;,&quot;size&quot;:400,&quot;sizes&quot;:[]}}\" data-widget_type=\"nested-accordion.default\">\n\t\t\t\t\t\t\t<div class=\"e-n-accordion\" aria-label=\"Accordion. Open links with Enter or Space, close with Escape, and navigate with Arrow Keys\">\n\t\t\t\t\t\t<details id=\"e-n-accordion-item-1060\" class=\"e-n-accordion-item\" open>\n\t\t\t\t<summary class=\"e-n-accordion-item-title\" data-accordion-index=\"1\" tabindex=\"0\" aria-expanded=\"true\" aria-controls=\"e-n-accordion-item-1060\" >\n\t\t\t\t\t<span class='e-n-accordion-item-title-header'><div class=\"e-n-accordion-item-title-text\"> Accessibilit\u00e9 \u00e0 pied <\/div><\/span>\n\t\t\t\t\t\t\t<span class='e-n-accordion-item-title-icon'>\n\t\t\t<span class='e-opened' ><i aria-hidden=\"true\" class=\"fas fa-chevron-down\"><\/i><\/span>\n\t\t\t<span class='e-closed'><i aria-hidden=\"true\" class=\"fas fa-chevron-right\"><\/i><\/span>\n\t\t<\/span>\n\n\t\t\t\t\t\t<\/summary>\n\t\t\t\t<div role=\"region\" aria-labelledby=\"e-n-accordion-item-1060\" class=\"elementor-element elementor-element-de99966 e-con-full e-flex e-con e-child\" data-id=\"de99966\" data-element_type=\"container\">\n\t\t\t\t<div class=\"elementor-element elementor-element-fe82044 elementor-widget elementor-widget-text-editor\" data-id=\"fe82044\" data-element_type=\"widget\" data-widget_type=\"text-editor.default\">\n\t\t\t\t\t\t\t\t\t<p>Empruntez le pont cyclable via la Derbystraat. Ou suivez la piste pi\u00e9tonne\/cyclable via la R4 et la Raymond La Rochelaan jusqu&rsquo;\u00e0 Flanders Expo.<\/p>\n\t\t\t\t\t\t\t\t<\/div>\n\t\t\t\t<\/div>\n\t\t\t\t\t<\/details>\n\t\t\t\t\t\t<details id=\"e-n-accordion-item-1061\" class=\"e-n-accordion-item\" >\n\t\t\t\t<summary class=\"e-n-accordion-item-title\" data-accordion-index=\"2\" tabindex=\"-1\" aria-expanded=\"false\" aria-controls=\"e-n-accordion-item-1061\" >\n\t\t\t\t\t<span class='e-n-accordion-item-title-header'><div class=\"e-n-accordion-item-title-text\"> Accessibilit\u00e9 \u00e0 v\u00e9lo <\/div><\/span>\n\t\t\t\t\t\t\t<span class='e-n-accordion-item-title-icon'>\n\t\t\t<span class='e-opened' ><i aria-hidden=\"true\" class=\"fas fa-chevron-down\"><\/i><\/span>\n\t\t\t<span class='e-closed'><i aria-hidden=\"true\" class=\"fas fa-chevron-right\"><\/i><\/span>\n\t\t<\/span>\n\n\t\t\t\t\t\t<\/summary>\n\t\t\t\t<div role=\"region\" aria-labelledby=\"e-n-accordion-item-1061\" class=\"elementor-element elementor-element-9e3e1f8 e-con-full e-flex e-con e-child\" data-id=\"9e3e1f8\" data-element_type=\"container\">\n\t\t\t\t<div class=\"elementor-element elementor-element-2a5a047 elementor-widget elementor-widget-text-editor\" data-id=\"2a5a047\" data-element_type=\"widget\" data-widget_type=\"text-editor.default\">\n\t\t\t\t\t\t\t\t\t<p>Empruntez le pont cyclable via la Derbystraat. Ou suivez la piste cyclable via la R4 et la Raymond La Rochelaan jusqu&rsquo;\u00e0 Flanders Expo. Garez votre v\u00e9lo dans le parking couvert pr\u00e8s du Hall 3. Vous pouvez recharger votre v\u00e9lo \u00e9lectrique gr\u00e2ce aux prises pr\u00e9vues dans le parking.<\/p>\n\t\t\t\t\t\t\t\t<\/div>\n\t\t\t\t<\/div>\n\t\t\t\t\t<\/details>\n\t\t\t\t\t\t<details id=\"e-n-accordion-item-1062\" class=\"e-n-accordion-item\" >\n\t\t\t\t<summary class=\"e-n-accordion-item-title\" data-accordion-index=\"3\" tabindex=\"-1\" aria-expanded=\"false\" aria-controls=\"e-n-accordion-item-1062\" >\n\t\t\t\t\t<span class='e-n-accordion-item-title-header'><div class=\"e-n-accordion-item-title-text\"> Accessibilit\u00e9 en bus <\/div><\/span>\n\t\t\t\t\t\t\t<span class='e-n-accordion-item-title-icon'>\n\t\t\t<span class='e-opened' ><i aria-hidden=\"true\" class=\"fas fa-chevron-down\"><\/i><\/span>\n\t\t\t<span class='e-closed'><i aria-hidden=\"true\" class=\"fas fa-chevron-right\"><\/i><\/span>\n\t\t<\/span>\n\n\t\t\t\t\t\t<\/summary>\n\t\t\t\t<div role=\"region\" aria-labelledby=\"e-n-accordion-item-1062\" class=\"elementor-element elementor-element-23c9517 e-con-full e-flex e-con e-child\" data-id=\"23c9517\" data-element_type=\"container\">\n\t\t\t\t<div class=\"elementor-element elementor-element-b5ed91a elementor-widget elementor-widget-text-editor\" data-id=\"b5ed91a\" data-element_type=\"widget\" data-widget_type=\"text-editor.default\">\n\t\t\t\t\t\t\t\t\t<p class=\"p1\">Les lignes de bus 76, 77 et 78 relient le centre de Gand \u00e0 Flanders Expo.<\/p>\n\t\t\t\t\t\t\t\t<\/div>\n\t\t\t\t<\/div>\n\t\t\t\t\t<\/details>\n\t\t\t\t\t\t<details id=\"e-n-accordion-item-1063\" class=\"e-n-accordion-item\" >\n\t\t\t\t<summary class=\"e-n-accordion-item-title\" data-accordion-index=\"4\" tabindex=\"-1\" aria-expanded=\"false\" aria-controls=\"e-n-accordion-item-1063\" >\n\t\t\t\t\t<span class='e-n-accordion-item-title-header'><div class=\"e-n-accordion-item-title-text\"> Accessibilit\u00e9 en tram <\/div><\/span>\n\t\t\t\t\t\t\t<span class='e-n-accordion-item-title-icon'>\n\t\t\t<span class='e-opened' ><i aria-hidden=\"true\" class=\"fas fa-chevron-down\"><\/i><\/span>\n\t\t\t<span class='e-closed'><i aria-hidden=\"true\" class=\"fas fa-chevron-right\"><\/i><\/span>\n\t\t<\/span>\n\n\t\t\t\t\t\t<\/summary>\n\t\t\t\t<div role=\"region\" aria-labelledby=\"e-n-accordion-item-1063\" class=\"elementor-element elementor-element-d85e81f e-con-full e-flex e-con e-child\" data-id=\"d85e81f\" data-element_type=\"container\">\n\t\t\t\t<div class=\"elementor-element elementor-element-420f79d elementor-widget elementor-widget-text-editor\" data-id=\"420f79d\" data-element_type=\"widget\" data-widget_type=\"text-editor.default\">\n\t\t\t\t\t\t\t\t\t<p>Le tram T1 vous d\u00e9pose devant notre porte depuis Ledeberg, Gent Zuid ou la gare de Gand-Saint-Pierre (Gent-Sint-Pieters).<\/p>\n\t\t\t\t\t\t\t\t<\/div>\n\t\t\t\t<\/div>\n\t\t\t\t\t<\/details>\n\t\t\t\t\t\t<details id=\"e-n-accordion-item-1064\" class=\"e-n-accordion-item\" >\n\t\t\t\t<summary class=\"e-n-accordion-item-title\" data-accordion-index=\"5\" tabindex=\"-1\" aria-expanded=\"false\" aria-controls=\"e-n-accordion-item-1064\" >\n\t\t\t\t\t<span class='e-n-accordion-item-title-header'><div class=\"e-n-accordion-item-title-text\"> Accessibilit\u00e9 en voiture <\/div><\/span>\n\t\t\t\t\t\t\t<span class='e-n-accordion-item-title-icon'>\n\t\t\t<span class='e-opened' ><i aria-hidden=\"true\" class=\"fas fa-chevron-down\"><\/i><\/span>\n\t\t\t<span class='e-closed'><i aria-hidden=\"true\" class=\"fas fa-chevron-right\"><\/i><\/span>\n\t\t<\/span>\n\n\t\t\t\t\t\t<\/summary>\n\t\t\t\t<div role=\"region\" aria-labelledby=\"e-n-accordion-item-1064\" class=\"elementor-element elementor-element-5466719 e-con-full e-flex e-con e-child\" data-id=\"5466719\" data-element_type=\"container\">\n\t\t\t\t<div class=\"elementor-element elementor-element-7650f88 elementor-widget elementor-widget-text-editor\" data-id=\"7650f88\" data-element_type=\"widget\" data-widget_type=\"text-editor.default\">\n\t\t\t\t\t\t\t\t\t<p>Prenez la sortie 14 sur l&rsquo;E40 Bruxelles \u2013 Ostende. Vous trouverez le parking recommand\u00e9 pour chaque \u00e9v\u00e9nement dans notre calendrier.<\/p>\n\t\t\t\t\t\t\t\t<\/div>\n\t\t\t\t<\/div>\n\t\t\t\t\t<\/details>\n\t\t\t\t\t<\/div>\n\t\t\t\t\t<script type=\"application\/ld+json\">{\"@context\":\"https:\\\/\\\/schema.org\",\"@type\":\"FAQPage\",\"mainEntity\":[{\"@type\":\"Question\",\"name\":\"Accessibilit\\u00e9 \\u00e0 pied\",\"acceptedAnswer\":{\"@type\":\"Answer\",\"text\":\"Empruntez le pont cyclable via la Derbystraat. Ou suivez la piste pi\\u00e9tonne\\\/cyclable via la R4 et la Raymond La Rochelaan jusqu&rsquo;\\u00e0 Flanders Expo.\"}},{\"@type\":\"Question\",\"name\":\"Accessibilit\\u00e9 \\u00e0 v\\u00e9lo\",\"acceptedAnswer\":{\"@type\":\"Answer\",\"text\":\"Empruntez le pont cyclable via la Derbystraat. Ou suivez la piste cyclable via la R4 et la Raymond La Rochelaan jusqu&rsquo;\\u00e0 Flanders Expo. Garez votre v\\u00e9lo dans le parking couvert pr\\u00e8s du Hall 3. Vous pouvez recharger votre v\\u00e9lo \\u00e9lectrique gr\\u00e2ce aux prises pr\\u00e9vues dans le parking.\"}},{\"@type\":\"Question\",\"name\":\"Accessibilit\\u00e9 en bus\",\"acceptedAnswer\":{\"@type\":\"Answer\",\"text\":\"Les lignes de bus 76, 77 et 78 relient le centre de Gand \\u00e0 Flanders Expo.\"}},{\"@type\":\"Question\",\"name\":\"Accessibilit\\u00e9 en tram\",\"acceptedAnswer\":{\"@type\":\"Answer\",\"text\":\"Le tram T1 vous d\\u00e9pose devant notre porte depuis Ledeberg, Gent Zuid ou la gare de Gand-Saint-Pierre (Gent-Sint-Pieters).\"}},{\"@type\":\"Question\",\"name\":\"Accessibilit\\u00e9 en voiture\",\"acceptedAnswer\":{\"@type\":\"Answer\",\"text\":\"Prenez la sortie 14 sur l&rsquo;E40 Bruxelles \\u2013 Ostende. Vous trouverez le parking recommand\\u00e9 pour chaque \\u00e9v\\u00e9nement dans notre calendrier.\"}}]}<\/script>\n\t\t\t\t\t\t\t<\/div>\n\t\t<div class=\"elementor-element elementor-element-591cd48 e-con-full e-flex e-con e-child\" data-id=\"591cd48\" data-element_type=\"container\" data-settings=\"{&quot;background_background&quot;:&quot;classic&quot;}\">\n\t\t\t\t<div class=\"elementor-element elementor-element-c2dd4e1 elementor-widget elementor-widget-heading\" data-id=\"c2dd4e1\" data-element_type=\"widget\" data-widget_type=\"heading.default\">\n\t\t\t\t\t<h3 class=\"elementor-heading-title elementor-size-default\">Stationnement sur The Loop<\/h3>\t\t\t\t<\/div>\n\t\t\t\t<div class=\"elementor-element elementor-element-60b2a36 elementor-widget elementor-widget-text-editor\" data-id=\"60b2a36\" data-element_type=\"widget\" data-widget_type=\"text-editor.default\">\n\t\t\t\t\t\t\t\t\tPas moins de 4 500 places r\u00e9parties sur huit parkings diff\u00e9rents.<br><br>Mais quel est le meilleur endroit pour garer votre voiture ? Consultez le calendrier pour conna\u00eetre les \u00e9v\u00e9nements en cours et v\u00e9rifiez aupr\u00e8s de l&rsquo;organisation le parking recommand\u00e9.\t\t\t\t\t\t\t\t<\/div>\n\t\t<div class=\"elementor-element elementor-element-d2b060a e-con-full e-flex e-con e-child\" data-id=\"d2b060a\" data-element_type=\"container\" data-settings=\"{&quot;background_background&quot;:&quot;classic&quot;}\">\n\t\t\t\t<div class=\"elementor-element elementor-element-5d52367 elementor-widget elementor-widget-text-editor\" data-id=\"5d52367\" data-element_type=\"widget\" data-widget_type=\"text-editor.default\">\n\t\t\t\t\t\t\t\t\t<div class=\"elementToProof\">Veuillez vous garer uniquement sur les emplacements pr\u00e9vus \u00e0 cet effet.<\/div>\n<div class=\"elementToProof\">Le <strong>stationnement irr\u00e9gulier<\/strong> est strictement contr\u00f4l\u00e9 ; l&rsquo;amende s&rsquo;\u00e9l\u00e8ve \u00e0 <strong>58 ou 116 euros<\/strong>, selon l&rsquo;infraction.<\/div>\n\t\t\t\t\t\t\t\t<\/div>\n\t\t\t\t<\/div>\n\t\t\t\t<\/div>\n\t\t<div class=\"elementor-element elementor-element-32146d4 e-con-full e-flex e-con e-child\" data-id=\"32146d4\" data-element_type=\"container\">\n\t\t\t\t<\/div>\n\t\t\t\t<\/div>\n\t\t\t\t<\/div>\n\t\t\t\t<\/div>\n\t\t<div class=\"elementor-element elementor-element-af31025 e-con-full e-flex e-con e-parent\" data-id=\"af31025\" data-element_type=\"container\">\n\t\t\t\t<div class=\"elementor-element elementor-element-0dc503c elementor-widget elementor-widget-heading\" data-id=\"0dc503c\" data-element_type=\"widget\" data-widget_type=\"heading.default\">\n\t\t\t\t\t<h2 class=\"elementor-heading-title elementor-size-default\">Adresse et itin\u00e9raires pour fournisseurs, Easyfairs et exposants\/organisateurs<\/h2>\t\t\t\t<\/div>\n\t\t\t\t<div class=\"elementor-element elementor-element-b30b982 elementor-widget elementor-widget-heading\" data-id=\"b30b982\" data-element_type=\"widget\" data-widget_type=\"heading.default\">\n\t\t\t\t\t<p class=\"elementor-heading-title elementor-size-default\">Faites votre choix ici<\/p>\t\t\t\t<\/div>\n\t\t<div class=\"elementor-element elementor-element-bdc8640 e-con-full e-flex e-con e-child\" data-id=\"bdc8640\" data-element_type=\"container\">\n\t\t\t\t<div class=\"elementor-element elementor-element-7c05116 elementor-widget elementor-widget-button\" data-id=\"7c05116\" data-element_type=\"widget\" data-widget_type=\"button.default\">\n\t\t\t\t\t\t\t\t\t\t<a class=\"elementor-button elementor-button-link elementor-size-sm\" href=\"#\">\n\t\t\t\t\t\t<span class=\"elementor-button-content-wrapper\">\n\t\t\t\t\t\t\t\t\t<span class=\"elementor-button-text\">Je suis un fournisseur<\/span>\n\t\t\t\t\t<\/span>\n\t\t\t\t\t<\/a>\n\t\t\t\t\t\t\t\t<\/div>\n\t\t\t\t<div class=\"elementor-element elementor-element-3088160 elementor-widget elementor-widget-button\" data-id=\"3088160\" data-element_type=\"widget\" data-widget_type=\"button.default\">\n\t\t\t\t\t\t\t\t\t\t<a class=\"elementor-button elementor-button-link elementor-size-sm\" href=\"#\">\n\t\t\t\t\t\t<span class=\"elementor-button-content-wrapper\">\n\t\t\t\t\t\t\t\t\t<span class=\"elementor-button-text\">J'ai un rendez-vous chez Easyfairs<\/span>\n\t\t\t\t\t<\/span>\n\t\t\t\t\t<\/a>\n\t\t\t\t\t\t\t\t<\/div>\n\t\t\t\t<div class=\"elementor-element elementor-element-6bea904 elementor-widget elementor-widget-button\" data-id=\"6bea904\" data-element_type=\"widget\" data-widget_type=\"button.default\">\n\t\t\t\t\t\t\t\t\t\t<a class=\"elementor-button elementor-button-link elementor-size-sm\" href=\"#\">\n\t\t\t\t\t\t<span class=\"elementor-button-content-wrapper\">\n\t\t\t\t\t\t\t\t\t<span class=\"elementor-button-text\">Je suis exposant<\/span>\n\t\t\t\t\t<\/span>\n\t\t\t\t\t<\/a>\n\t\t\t\t\t\t\t\t<\/div>\n\t\t\t\t<div class=\"elementor-element elementor-element-acb005d elementor-widget elementor-widget-button\" data-id=\"acb005d\" data-element_type=\"widget\" data-widget_type=\"button.default\">\n\t\t\t\t\t\t\t\t\t\t<a class=\"elementor-button elementor-button-link elementor-size-sm\" href=\"#\">\n\t\t\t\t\t\t<span class=\"elementor-button-content-wrapper\">\n\t\t\t\t\t\t\t\t\t<span class=\"elementor-button-text\">Je suis organisateur d'\u00e9v\u00e9nements<\/span>\n\t\t\t\t\t<\/span>\n\t\t\t\t\t<\/a>\n\t\t\t\t\t\t\t\t<\/div>\n\t\t\t\t<\/div>\n\t\t\t\t<\/div>\n\t\t\t\t<\/div>\n\t\t","protected":false},"excerpt":{"rendered":"<p>Adresse et Itin\u00e9raire Consultez notre calendrier Coordonn\u00e9es Flanders Expo Maaltekouter 1, 9051 Gand, Belgique Accessibilit\u00e9 \u00e0 pied Empruntez le pont cyclable via la Derbystraat. Ou suivez la piste pi\u00e9tonne\/cyclable via la R4 et la Raymond La Rochelaan jusqu&#8217;\u00e0 Flanders Expo. Accessibilit\u00e9 \u00e0 v\u00e9lo Empruntez le pont cyclable via la Derbystraat. Ou suivez la piste cyclable [&hellip;]<\/p>\n","protected":false},"author":949,"featured_media":0,"parent":27438,"menu_order":0,"comment_status":"closed","ping_status":"closed","template":"","meta":{"_seopress_robots_primary_cat":"","_seopress_titles_title":"","_seopress_titles_desc":"","_seopress_robots_index":"","footnotes":""},"class_list":["post-27383","page","type-page","status-publish","hentry"],"meta_box":[],"_links":{"self":[{"href":"https:\/\/www.flandersexpo.be\/fr\/wp-json\/wp\/v2\/pages\/27383","targetHints":{"allow":["GET"]}}],"collection":[{"href":"https:\/\/www.flandersexpo.be\/fr\/wp-json\/wp\/v2\/pages"}],"about":[{"href":"https:\/\/www.flandersexpo.be\/fr\/wp-json\/wp\/v2\/types\/page"}],"author":[{"embeddable":true,"href":"https:\/\/www.flandersexpo.be\/fr\/wp-json\/wp\/v2\/users\/949"}],"replies":[{"embeddable":true,"href":"https:\/\/www.flandersexpo.be\/fr\/wp-json\/wp\/v2\/comments?post=27383"}],"version-history":[{"count":5,"href":"https:\/\/www.flandersexpo.be\/fr\/wp-json\/wp\/v2\/pages\/27383\/revisions"}],"predecessor-version":[{"id":34208,"href":"https:\/\/www.flandersexpo.be\/fr\/wp-json\/wp\/v2\/pages\/27383\/revisions\/34208"}],"up":[{"embeddable":true,"href":"https:\/\/www.flandersexpo.be\/fr\/wp-json\/wp\/v2\/pages\/27438"}],"wp:attachment":[{"href":"https:\/\/www.flandersexpo.be\/fr\/wp-json\/wp\/v2\/media?parent=27383"}],"curies":[{"name":"wp","href":"https:\/\/api.w.org\/{rel}","templated":true}]}}