{"id":27400,"date":"2026-02-03T09:22:43","date_gmt":"2026-02-03T08:22:43","guid":{"rendered":"https:\/\/www.flandersexpo.be\/onze-andere-locaties\/"},"modified":"2026-02-09T10:27:39","modified_gmt":"2026-02-09T09:27:39","slug":"nos-autres-sites","status":"publish","type":"page","link":"https:\/\/www.flandersexpo.be\/fr\/decouvrir\/nos-autres-sites\/","title":{"rendered":"Nos autres sites"},"content":{"rendered":"\t\t<div data-elementor-type=\"wp-page\" data-elementor-id=\"27400\" class=\"elementor elementor-27400 elementor-22356\" data-elementor-post-type=\"page\">\n\t\t\t\t<div class=\"elementor-element elementor-element-d8bd379 e-con-full e-flex e-con e-parent\" data-id=\"d8bd379\" data-element_type=\"container\">\n\t\t\t\t<div class=\"elementor-element elementor-element-0eb13fc elementor-widget elementor-widget-heading\" data-id=\"0eb13fc\" data-element_type=\"widget\" data-widget_type=\"heading.default\">\n\t\t\t\t\t<h2 class=\"elementor-heading-title elementor-size-default\">Votre \u00e9v\u00e9nement, partout en Belgique.<\/h2>\t\t\t\t<\/div>\n\t\t\t\t<div class=\"elementor-element elementor-element-36bce9c elementor-widget elementor-widget-heading\" data-id=\"36bce9c\" data-element_type=\"widget\" data-widget_type=\"heading.default\">\n\t\t\t\t\t<p class=\"elementor-heading-title elementor-size-default\">De Gand \u00e0 Anvers, Malines et Namur : trouvez le lieu qui vous convient.<\/p>\t\t\t\t<\/div>\n\t\t<div class=\"elementor-element elementor-element-412ffaf e-con-full e-flex e-con e-child\" data-id=\"412ffaf\" data-element_type=\"container\">\n\t\t<div class=\"elementor-element elementor-element-c750976 e-con-full e-flex e-con e-child\" data-id=\"c750976\" data-element_type=\"container\" data-settings=\"{&quot;background_background&quot;:&quot;classic&quot;}\">\n\t\t\t\t<div class=\"elementor-element elementor-element-b218546 elementor-widget elementor-widget-image\" data-id=\"b218546\" data-element_type=\"widget\" data-widget_type=\"image.default\">\n\t\t\t\t\t\t\t\t\t\t\t\t\t\t\t<img fetchpriority=\"high\" decoding=\"async\" width=\"482\" height=\"415\" src=\"https:\/\/easyfairsassets.com\/sites\/371\/2025\/11\/Antwerp-expo-logo.png\" class=\"attachment-large size-large wp-image-22581\" alt=\"\" srcset=\"https:\/\/easyfairsassets.com\/sites\/371\/2025\/11\/Antwerp-expo-logo.png 482w, https:\/\/easyfairsassets.com\/sites\/371\/2025\/11\/Antwerp-expo-logo-300x258.png 300w\" sizes=\"(max-width: 482px) 100vw, 482px\" \/>\t\t\t\t\t\t\t\t\t\t\t\t\t\t\t<\/div>\n\t\t\t\t<div class=\"elementor-element elementor-element-21f7614 elementor-widget elementor-widget-text-editor\" data-id=\"21f7614\" data-element_type=\"widget\" data-widget_type=\"text-editor.default\">\n\t\t\t\t\t\t\t\t\t<p>Antwerp Expo est votre terrain de jeu dans la M\u00e9tropole. Des espaces polyvalents, une accessibilit\u00e9 ais\u00e9e et une ambiance imm\u00e9diatement au rendez-vous.<\/p>\n\t\t\t\t\t\t\t\t<\/div>\n\t\t<div class=\"elementor-element elementor-element-e2cbc04 e-con-full e-flex e-con e-child\" data-id=\"e2cbc04\" data-element_type=\"container\">\n\t\t\t\t<div class=\"elementor-element elementor-element-58ce660 elementor-widget elementor-widget-button\" data-id=\"58ce660\" data-element_type=\"widget\" data-widget_type=\"button.default\">\n\t\t\t\t\t\t\t\t\t\t<a class=\"elementor-button elementor-button-link elementor-size-sm\" href=\"https:\/\/www.antwerpexpo.be\/\" target=\"_blank\">\n\t\t\t\t\t\t<span class=\"elementor-button-content-wrapper\">\n\t\t\t\t\t\t\t\t\t<span class=\"elementor-button-text\">Antwerp Expo<\/span>\n\t\t\t\t\t<\/span>\n\t\t\t\t\t<\/a>\n\t\t\t\t\t\t\t\t<\/div>\n\t\t\t\t<\/div>\n\t\t\t\t<\/div>\n\t\t<div class=\"elementor-element elementor-element-7a6fd61 e-con-full e-flex e-con e-child\" data-id=\"7a6fd61\" data-element_type=\"container\" data-settings=\"{&quot;background_background&quot;:&quot;classic&quot;}\">\n\t\t\t\t<div class=\"elementor-element elementor-element-48301d0 elementor-widget elementor-widget-image\" data-id=\"48301d0\" data-element_type=\"widget\" data-widget_type=\"image.default\">\n\t\t\t\t\t\t\t\t\t\t\t\t\t\t\t<img decoding=\"async\" width=\"482\" height=\"415\" src=\"https:\/\/easyfairsassets.com\/sites\/371\/2025\/11\/Nekkerhal-logo.png\" class=\"attachment-large size-large wp-image-22587\" alt=\"\" srcset=\"https:\/\/easyfairsassets.com\/sites\/371\/2025\/11\/Nekkerhal-logo.png 482w, https:\/\/easyfairsassets.com\/sites\/371\/2025\/11\/Nekkerhal-logo-300x258.png 300w\" sizes=\"(max-width: 482px) 100vw, 482px\" \/>\t\t\t\t\t\t\t\t\t\t\t\t\t\t\t<\/div>\n\t\t\t\t<div class=\"elementor-element elementor-element-12b96d2 elementor-widget elementor-widget-text-editor\" data-id=\"12b96d2\" data-element_type=\"widget\" data-widget_type=\"text-editor.default\">\n\t\t\t\t\t\t\t\t\t<p>Le Nekkerhal Brussels North ? Une valeur s\u00fbre. Tout comme les \u00e9v\u00e9nements qui s&rsquo;y d\u00e9veloppent chaque ann\u00e9e, dynamiques et attirant des milliers de visiteurs. Malines compte sur nous, et nous restons \u00e0 votre enti\u00e8re disposition.<\/p>\n\t\t\t\t\t\t\t\t<\/div>\n\t\t<div class=\"elementor-element elementor-element-076d78d e-con-full e-flex e-con e-child\" data-id=\"076d78d\" data-element_type=\"container\">\n\t\t\t\t<div class=\"elementor-element elementor-element-aeee07d elementor-widget elementor-widget-button\" data-id=\"aeee07d\" data-element_type=\"widget\" data-widget_type=\"button.default\">\n\t\t\t\t\t\t\t\t\t\t<a class=\"elementor-button elementor-button-link elementor-size-sm\" href=\"https:\/\/www.nekkerhalbrusselsnorth.com\/\" target=\"_blank\">\n\t\t\t\t\t\t<span class=\"elementor-button-content-wrapper\">\n\t\t\t\t\t\t\t\t\t<span class=\"elementor-button-text\">Nekkerhal<\/span>\n\t\t\t\t\t<\/span>\n\t\t\t\t\t<\/a>\n\t\t\t\t\t\t\t\t<\/div>\n\t\t\t\t<\/div>\n\t\t\t\t<\/div>\n\t\t<div class=\"elementor-element elementor-element-f11fcd8 e-con-full e-flex e-con e-child\" data-id=\"f11fcd8\" data-element_type=\"container\" data-settings=\"{&quot;background_background&quot;:&quot;classic&quot;}\">\n\t\t\t\t<div class=\"elementor-element elementor-element-bd249a0 elementor-widget elementor-widget-image\" data-id=\"bd249a0\" data-element_type=\"widget\" data-widget_type=\"image.default\">\n\t\t\t\t\t\t\t\t\t\t\t\t\t\t\t<img decoding=\"async\" width=\"482\" height=\"415\" src=\"https:\/\/easyfairsassets.com\/sites\/371\/2025\/11\/namur-expo-logo.png\" class=\"attachment-large size-large wp-image-22584\" alt=\"\" srcset=\"https:\/\/easyfairsassets.com\/sites\/371\/2025\/11\/namur-expo-logo.png 482w, https:\/\/easyfairsassets.com\/sites\/371\/2025\/11\/namur-expo-logo-300x258.png 300w\" sizes=\"(max-width: 482px) 100vw, 482px\" \/>\t\t\t\t\t\t\t\t\t\t\t\t\t\t\t<\/div>\n\t\t\t\t<div class=\"elementor-element elementor-element-1323fab elementor-widget elementor-widget-text-editor\" data-id=\"1323fab\" data-element_type=\"widget\" data-widget_type=\"text-editor.default\">\n\t\t\t\t\t\t\t\t\t<p>\u00c0 Namur Expo, vous profitez de ce m\u00e9lange unique d&rsquo;hospitalit\u00e9 wallonne et d&rsquo;un lieu qui s&rsquo;adapte \u00e0 vos projets. Convivial, accessible et toujours pr\u00eat pour la prochaine \u00e9dition.<\/p>\n\t\t\t\t\t\t\t\t<\/div>\n\t\t<div class=\"elementor-element elementor-element-3ff7cde e-con-full e-flex e-con e-child\" data-id=\"3ff7cde\" data-element_type=\"container\">\n\t\t\t\t<div class=\"elementor-element elementor-element-fc2dee6 elementor-widget elementor-widget-button\" data-id=\"fc2dee6\" data-element_type=\"widget\" data-widget_type=\"button.default\">\n\t\t\t\t\t\t\t\t\t\t<a class=\"elementor-button elementor-button-link elementor-size-sm\" href=\"https:\/\/www.namurexpo.be\/\" target=\"_blank\">\n\t\t\t\t\t\t<span class=\"elementor-button-content-wrapper\">\n\t\t\t\t\t\t\t\t\t<span class=\"elementor-button-text\">Namur Expo<\/span>\n\t\t\t\t\t<\/span>\n\t\t\t\t\t<\/a>\n\t\t\t\t\t\t\t\t<\/div>\n\t\t\t\t<\/div>\n\t\t\t\t<\/div>\n\t\t\t\t<\/div>\n\t\t\t\t<\/div>\n\t\t\t\t<\/div>\n\t\t","protected":false},"excerpt":{"rendered":"<p>Votre \u00e9v\u00e9nement, partout en Belgique. De Gand \u00e0 Anvers, Malines et Namur : trouvez le lieu qui vous convient. Antwerp Expo est votre terrain de jeu dans la M\u00e9tropole. Des espaces polyvalents, une accessibilit\u00e9 ais\u00e9e et une ambiance imm\u00e9diatement au rendez-vous. Antwerp Expo Le Nekkerhal Brussels North ? Une valeur s\u00fbre. Tout comme les \u00e9v\u00e9nements [&hellip;]<\/p>\n","protected":false},"author":949,"featured_media":0,"parent":27461,"menu_order":0,"comment_status":"closed","ping_status":"closed","template":"","meta":{"_seopress_robots_primary_cat":"","_seopress_titles_title":"","_seopress_titles_desc":"","_seopress_robots_index":"","footnotes":""},"class_list":["post-27400","page","type-page","status-publish","hentry"],"meta_box":[],"_links":{"self":[{"href":"https:\/\/www.flandersexpo.be\/fr\/wp-json\/wp\/v2\/pages\/27400","targetHints":{"allow":["GET"]}}],"collection":[{"href":"https:\/\/www.flandersexpo.be\/fr\/wp-json\/wp\/v2\/pages"}],"about":[{"href":"https:\/\/www.flandersexpo.be\/fr\/wp-json\/wp\/v2\/types\/page"}],"author":[{"embeddable":true,"href":"https:\/\/www.flandersexpo.be\/fr\/wp-json\/wp\/v2\/users\/949"}],"replies":[{"embeddable":true,"href":"https:\/\/www.flandersexpo.be\/fr\/wp-json\/wp\/v2\/comments?post=27400"}],"version-history":[{"count":3,"href":"https:\/\/www.flandersexpo.be\/fr\/wp-json\/wp\/v2\/pages\/27400\/revisions"}],"predecessor-version":[{"id":29956,"href":"https:\/\/www.flandersexpo.be\/fr\/wp-json\/wp\/v2\/pages\/27400\/revisions\/29956"}],"up":[{"embeddable":true,"href":"https:\/\/www.flandersexpo.be\/fr\/wp-json\/wp\/v2\/pages\/27461"}],"wp:attachment":[{"href":"https:\/\/www.flandersexpo.be\/fr\/wp-json\/wp\/v2\/media?parent=27400"}],"curies":[{"name":"wp","href":"https:\/\/api.w.org\/{rel}","templated":true}]}}