{"id":27518,"date":"2026-02-03T09:25:01","date_gmt":"2026-02-03T08:25:01","guid":{"rendered":"https:\/\/www.flandersexpo.be\/organiseer\/diensten\/"},"modified":"2026-04-14T13:43:00","modified_gmt":"2026-04-14T11:43:00","slug":"services","status":"publish","type":"page","link":"https:\/\/www.flandersexpo.be\/fr\/organiser\/services\/","title":{"rendered":"Services"},"content":{"rendered":"\t\t<div data-elementor-type=\"wp-page\" data-elementor-id=\"27518\" class=\"elementor elementor-27518 elementor-22217\" data-elementor-post-type=\"page\">\n\t\t\t\t<div class=\"elementor-element elementor-element-e3115d8 e-con-full e-flex e-con e-parent\" data-id=\"e3115d8\" data-element_type=\"container\">\n\t\t<div class=\"elementor-element elementor-element-4b2d925 e-con-full e-flex e-con e-child\" data-id=\"4b2d925\" data-element_type=\"container\">\n\t\t\t\t<\/div>\n\t\t<div class=\"elementor-element elementor-element-eec87e8 e-con-full e-flex e-con e-child\" data-id=\"eec87e8\" data-element_type=\"container\">\n\t\t\t\t<div class=\"elementor-element elementor-element-edd3a09 elementor-widget elementor-widget-heading\" data-id=\"edd3a09\" data-element_type=\"widget\" data-widget_type=\"heading.default\">\n\t\t\t\t\t<h2 class=\"elementor-heading-title elementor-size-default\">Nos services<\/h2>\t\t\t\t<\/div>\n\t\t<div class=\"elementor-element elementor-element-51c8baa e-con-full e-flex e-con e-child\" data-id=\"51c8baa\" data-element_type=\"container\">\n\t\t\t\t<div class=\"elementor-element elementor-element-47b8e3f elementor-widget elementor-widget-button\" data-id=\"47b8e3f\" data-element_type=\"widget\" data-widget_type=\"button.default\">\n\t\t\t\t\t\t\t\t\t\t<a class=\"elementor-button elementor-button-link elementor-size-sm\" href=\"https:\/\/www.flandersexpo.be\/fr\/contact\/\">\n\t\t\t\t\t\t<span class=\"elementor-button-content-wrapper\">\n\t\t\t\t\t\t\t\t\t<span class=\"elementor-button-text\">Contactez notre \u00e9quipe<\/span>\n\t\t\t\t\t<\/span>\n\t\t\t\t\t<\/a>\n\t\t\t\t\t\t\t\t<\/div>\n\t\t\t\t<\/div>\n\t\t\t\t<\/div>\n\t\t\t\t<div class=\"elementor-element elementor-element-afc658f elementor-absolute elementor-widget elementor-widget-image\" data-id=\"afc658f\" data-element_type=\"widget\" data-settings=\"{&quot;_position&quot;:&quot;absolute&quot;}\" data-widget_type=\"image.default\">\n\t\t\t\t\t\t\t\t\t\t\t\t\t\t\t<img fetchpriority=\"high\" decoding=\"async\" width=\"1920\" height=\"1280\" src=\"https:\/\/easyfairsassets.com\/sites\/371\/2026\/01\/0014_20200124-193902-PDS_73A5800.jpg\" class=\"attachment-full size-full wp-image-26261\" alt=\"\" srcset=\"https:\/\/easyfairsassets.com\/sites\/371\/2026\/01\/0014_20200124-193902-PDS_73A5800.jpg 1920w, https:\/\/easyfairsassets.com\/sites\/371\/2026\/01\/0014_20200124-193902-PDS_73A5800-300x200.jpg 300w, https:\/\/easyfairsassets.com\/sites\/371\/2026\/01\/0014_20200124-193902-PDS_73A5800-1024x683.jpg 1024w, https:\/\/easyfairsassets.com\/sites\/371\/2026\/01\/0014_20200124-193902-PDS_73A5800-768x512.jpg 768w, https:\/\/easyfairsassets.com\/sites\/371\/2026\/01\/0014_20200124-193902-PDS_73A5800-1536x1024.jpg 1536w\" sizes=\"(max-width: 1920px) 100vw, 1920px\" \/>\t\t\t\t\t\t\t\t\t\t\t\t\t\t\t<\/div>\n\t\t\t\t<\/div>\n\t\t<div class=\"elementor-element elementor-element-32ab49c e-con-full e-flex e-con e-parent\" data-id=\"32ab49c\" data-element_type=\"container\">\n\t\t\t\t<div class=\"elementor-element elementor-element-a32d54b elementor-widget elementor-widget-heading\" data-id=\"a32d54b\" data-element_type=\"widget\" data-widget_type=\"heading.default\">\n\t\t\t\t\t<h2 class=\"elementor-heading-title elementor-size-default\">Cat\u00e9gories de services<\/h2>\t\t\t\t<\/div>\n\t\t<div class=\"elementor-element elementor-element-47b50ba e-con-full e-flex e-con e-child\" data-id=\"47b50ba\" data-element_type=\"container\">\n\t\t<div class=\"elementor-element elementor-element-170bd73 e-con-full e-flex e-con e-child\" data-id=\"170bd73\" data-element_type=\"container\" data-settings=\"{&quot;background_background&quot;:&quot;classic&quot;}\">\n\t\t<div class=\"elementor-element elementor-element-082c428 e-con-full e-flex e-con e-child\" data-id=\"082c428\" data-element_type=\"container\">\n\t\t\t\t<div class=\"elementor-element elementor-element-7856dec elementor-widget elementor-widget-image\" data-id=\"7856dec\" data-element_type=\"widget\" data-widget_type=\"image.default\">\n\t\t\t\t\t\t\t\t\t\t\t\t\t\t\t<img decoding=\"async\" width=\"142\" height=\"100\" src=\"https:\/\/easyfairsassets.com\/sites\/371\/2026\/01\/yellow-bg.png\" class=\"attachment-full size-full wp-image-25261\" alt=\"\" \/>\t\t\t\t\t\t\t\t\t\t\t\t\t\t\t<\/div>\n\t\t\t\t<div class=\"elementor-element elementor-element-18934b5 elementor-widget elementor-widget-heading\" data-id=\"18934b5\" data-element_type=\"widget\" data-widget_type=\"heading.default\">\n\t\t\t\t\t<h3 class=\"elementor-heading-title elementor-size-default\">Restauration<\/h3>\t\t\t\t<\/div>\n\t\t\t\t<div class=\"elementor-element elementor-element-179b51a elementor-widget elementor-widget-text-editor\" data-id=\"179b51a\" data-element_type=\"widget\" data-widget_type=\"text-editor.default\">\n\t\t\t\t\t\t\t\t\t<ul>\n<li data-start=\"236\" data-end=\"304\">Vaste r\u00e9seau de partenaires <\/li>\n<li data-start=\"307\" data-end=\"373\">Traiteurs maison : disponibles pour les salons avec vente au public<\/li>\n<li data-start=\"376\" data-end=\"434\">Partenaires traiteurs privil\u00e9gi\u00e9s : pour tous les autres \u00e9v\u00e9nements<\/li>\n<li data-start=\"437\" data-end=\"503\">Formules sur mesure : adapt\u00e9es au concept, au groupe cible et au budget<\/li>\n<li data-start=\"506\" data-end=\"567\">Qualit\u00e9 &amp; flexibilit\u00e9 : garanties pour chaque \u00e9v\u00e9nement<\/li>\n<\/ul>\n\t\t\t\t\t\t\t\t<\/div>\n\t\t\t\t<\/div>\n\t\t<div class=\"elementor-element elementor-element-6b85a81 e-con-full e-flex e-con e-child\" data-id=\"6b85a81\" data-element_type=\"container\">\n\t\t\t\t<div class=\"elementor-element elementor-element-643bc46 elementor-widget elementor-widget-button\" data-id=\"643bc46\" data-element_type=\"widget\" data-widget_type=\"button.default\">\n\t\t\t\t\t\t\t\t\t\t<a class=\"elementor-button elementor-button-link elementor-size-sm\" href=\"https:\/\/www.flandersexpo.be\/fr\/organiser\/services\/food-beverages\/\">\n\t\t\t\t\t\t<span class=\"elementor-button-content-wrapper\">\n\t\t\t\t\t\t\t\t\t<span class=\"elementor-button-text\">D\u00e9couvrez les options de restauration<\/span>\n\t\t\t\t\t<\/span>\n\t\t\t\t\t<\/a>\n\t\t\t\t\t\t\t\t<\/div>\n\t\t\t\t<\/div>\n\t\t\t\t<\/div>\n\t\t<div class=\"elementor-element elementor-element-81bb74b e-con-full e-flex e-con e-child\" data-id=\"81bb74b\" data-element_type=\"container\" data-settings=\"{&quot;background_background&quot;:&quot;classic&quot;}\">\n\t\t<div class=\"elementor-element elementor-element-607ff45 e-con-full e-flex e-con e-child\" data-id=\"607ff45\" data-element_type=\"container\">\n\t\t\t\t<div class=\"elementor-element elementor-element-bb15061 elementor-widget elementor-widget-image\" data-id=\"bb15061\" data-element_type=\"widget\" data-widget_type=\"image.default\">\n\t\t\t\t\t\t\t\t\t\t\t\t\t\t\t<img decoding=\"async\" width=\"142\" height=\"100\" src=\"https:\/\/easyfairsassets.com\/sites\/371\/2026\/01\/yellow-bg.png\" class=\"attachment-full size-full wp-image-25261\" alt=\"\" \/>\t\t\t\t\t\t\t\t\t\t\t\t\t\t\t<\/div>\n\t\t\t\t<div class=\"elementor-element elementor-element-cdede19 elementor-widget elementor-widget-heading\" data-id=\"cdede19\" data-element_type=\"widget\" data-widget_type=\"heading.default\">\n\t\t\t\t\t<h3 class=\"elementor-heading-title elementor-size-default\">Services du site<\/h3>\t\t\t\t<\/div>\n\t\t\t\t<div class=\"elementor-element elementor-element-49e94fc elementor-widget elementor-widget-text-editor\" data-id=\"49e94fc\" data-element_type=\"widget\" data-widget_type=\"text-editor.default\">\n\t\t\t\t\t\t\t\t\t<ul>\r\n<li>Personnel sanitaire<\/li>\r\n<li>S\u00e9curit\u00e9 (du site)<\/li>\r\n<li>Nettoyage<\/li>\r\n<li>Points d&rsquo;accrochage<\/li>\r\n<li>Internet<\/li>\r\n<\/ul>\t\t\t\t\t\t\t\t<\/div>\n\t\t\t\t<\/div>\n\t\t<div class=\"elementor-element elementor-element-90fcfc1 e-con-full e-flex e-con e-child\" data-id=\"90fcfc1\" data-element_type=\"container\">\n\t\t\t\t<div class=\"elementor-element elementor-element-806b39c elementor-widget elementor-widget-button\" data-id=\"806b39c\" data-element_type=\"widget\" data-widget_type=\"button.default\">\n\t\t\t\t\t\t\t\t\t\t<a class=\"elementor-button elementor-button-link elementor-size-sm\" href=\"https:\/\/www.flandersexpo.be\/fr\/organiser\/services\/hotels\/\">\n\t\t\t\t\t\t<span class=\"elementor-button-content-wrapper\">\n\t\t\t\t\t\t\t\t\t<span class=\"elementor-button-text\">Voir les h\u00f4tels partenaires<\/span>\n\t\t\t\t\t<\/span>\n\t\t\t\t\t<\/a>\n\t\t\t\t\t\t\t\t<\/div>\n\t\t\t\t<\/div>\n\t\t\t\t<\/div>\n\t\t<div class=\"elementor-element elementor-element-7434b77 e-con-full e-flex e-con e-child\" data-id=\"7434b77\" data-element_type=\"container\" data-settings=\"{&quot;background_background&quot;:&quot;classic&quot;}\">\n\t\t<div class=\"elementor-element elementor-element-49e1d17 e-con-full e-flex e-con e-child\" data-id=\"49e1d17\" data-element_type=\"container\">\n\t\t\t\t<div class=\"elementor-element elementor-element-6d88957 elementor-widget elementor-widget-image\" data-id=\"6d88957\" data-element_type=\"widget\" data-widget_type=\"image.default\">\n\t\t\t\t\t\t\t\t\t\t\t\t\t\t\t<img decoding=\"async\" width=\"142\" height=\"100\" src=\"https:\/\/easyfairsassets.com\/sites\/371\/2026\/01\/yellow-bg.png\" class=\"attachment-full size-full wp-image-25261\" alt=\"\" \/>\t\t\t\t\t\t\t\t\t\t\t\t\t\t\t<\/div>\n\t\t\t\t<div class=\"elementor-element elementor-element-48e038f elementor-widget elementor-widget-heading\" data-id=\"48e038f\" data-element_type=\"widget\" data-widget_type=\"heading.default\">\n\t\t\t\t\t<h3 class=\"elementor-heading-title elementor-size-default\">Services optionnels<\/h3>\t\t\t\t<\/div>\n\t\t\t\t<div class=\"elementor-element elementor-element-d0d649c elementor-widget elementor-widget-text-editor\" data-id=\"d0d649c\" data-element_type=\"widget\" data-widget_type=\"text-editor.default\">\n\t\t\t\t\t\t\t\t\t<ul>\r\n    <li>\r\nConstructeurs de stands\r\n<\/li>\r\n    <li>\r\nSignalisation &amp; branding\r\n<\/li>\r\n    <li>\r\nH\u00f4tesses &amp; \u00e9quipes d&rsquo;accueil\r\n<\/li>\r\n    <li>\r\nAudiovisuel &amp; d\u00e9coration\r\n<\/li>\r\n<\/ul>\t\t\t\t\t\t\t\t<\/div>\n\t\t\t\t<\/div>\n\t\t<div class=\"elementor-element elementor-element-72fdc64 e-con-full e-flex e-con e-child\" data-id=\"72fdc64\" data-element_type=\"container\">\n\t\t\t\t<div class=\"elementor-element elementor-element-697aec5 elementor-widget elementor-widget-button\" data-id=\"697aec5\" data-element_type=\"widget\" data-widget_type=\"button.default\">\n\t\t\t\t\t\t\t\t\t\t<a class=\"elementor-button elementor-size-sm\" role=\"button\">\n\t\t\t\t\t\t<span class=\"elementor-button-content-wrapper\">\n\t\t\t\t\t\t\t\t\t<span class=\"elementor-button-text\">Rencontrez nos partenaires<\/span>\n\t\t\t\t\t<\/span>\n\t\t\t\t\t<\/a>\n\t\t\t\t\t\t\t\t<\/div>\n\t\t\t\t<\/div>\n\t\t\t\t<\/div>\n\t\t\t\t<\/div>\n\t\t\t\t<\/div>\n\t\t<div class=\"elementor-element elementor-element-68b333e e-con-full e-flex e-con e-parent\" data-id=\"68b333e\" data-element_type=\"container\" data-settings=\"{&quot;background_background&quot;:&quot;classic&quot;}\">\n\t\t<div class=\"elementor-element elementor-element-d822db2 e-con-full e-flex e-con e-child\" data-id=\"d822db2\" data-element_type=\"container\" data-settings=\"{&quot;background_background&quot;:&quot;classic&quot;}\">\n\t\t<div class=\"elementor-element elementor-element-9dfa2c5 e-con-full e-flex e-con e-child\" data-id=\"9dfa2c5\" data-element_type=\"container\">\n\t\t\t\t<div class=\"elementor-element elementor-element-23340cc elementor-widget elementor-widget-heading\" data-id=\"23340cc\" data-element_type=\"widget\" data-widget_type=\"heading.default\">\n\t\t\t\t\t<h2 class=\"elementor-heading-title elementor-size-default\">Envie d'organiser votre \u00e9v\u00e9nement chez nous ?<\/h2>\t\t\t\t<\/div>\n\t\t\t\t<div class=\"elementor-element elementor-element-59f845c elementor-widget elementor-widget-text-editor\" data-id=\"59f845c\" data-element_type=\"widget\" data-widget_type=\"text-editor.default\">\n\t\t\t\t\t\t\t\t\t<p>D\u00e9couvrez \u00e0 quel point il est facile de planifier votre \u00e9v\u00e9nement \u00e0 Flanders Expo.<\/p>\n\t\t\t\t\t\t\t\t<\/div>\n\t\t\t\t<div class=\"elementor-element elementor-element-f37635b elementor-widget elementor-widget-button\" data-id=\"f37635b\" data-element_type=\"widget\" data-widget_type=\"button.default\">\n\t\t\t\t\t\t\t\t\t\t<a class=\"elementor-button elementor-button-link elementor-size-sm\" href=\"https:\/\/www.flandersexpo.be\/fr\/organiser\/nos-espaces\/\">\n\t\t\t\t\t\t<span class=\"elementor-button-content-wrapper\">\n\t\t\t\t\t\t\t\t\t<span class=\"elementor-button-text\">D\u00e9couvrez nos espaces<\/span>\n\t\t\t\t\t<\/span>\n\t\t\t\t\t<\/a>\n\t\t\t\t\t\t\t\t<\/div>\n\t\t\t\t<div class=\"elementor-element elementor-element-b211a2d elementor-widget elementor-widget-button\" data-id=\"b211a2d\" data-element_type=\"widget\" data-widget_type=\"button.default\">\n\t\t\t\t\t\t\t\t\t\t<a class=\"elementor-button elementor-button-link elementor-size-sm\" href=\"https:\/\/www.flandersexpo.be\/fr\/contactez-nous\/\">\n\t\t\t\t\t\t<span class=\"elementor-button-content-wrapper\">\n\t\t\t\t\t\t\t\t\t<span class=\"elementor-button-text\">Demander un devis<\/span>\n\t\t\t\t\t<\/span>\n\t\t\t\t\t<\/a>\n\t\t\t\t\t\t\t\t<\/div>\n\t\t\t\t<\/div>\n\t\t<div class=\"elementor-element elementor-element-688a11e e-con-full e-flex e-con e-child\" data-id=\"688a11e\" data-element_type=\"container\">\n\t\t\t\t<div class=\"elementor-element elementor-element-0489315 elementor-widget elementor-widget-video\" data-id=\"0489315\" data-element_type=\"widget\" data-settings=\"{&quot;youtube_url&quot;:&quot;https:\\\/\\\/youtu.be\\\/0TU0wOR6nHo&quot;,&quot;yt_privacy&quot;:&quot;yes&quot;,&quot;video_type&quot;:&quot;youtube&quot;,&quot;controls&quot;:&quot;yes&quot;}\" data-widget_type=\"video.default\">\n\t\t\t\t\t\t\t<div class=\"elementor-wrapper elementor-open-inline\">\n\t\t\t<div class=\"elementor-video\"><\/div>\t\t<\/div>\n\t\t\t\t\t\t<\/div>\n\t\t\t\t<\/div>\n\t\t\t\t<\/div>\n\t\t\t\t<\/div>\n\t\t\t\t<\/div>\n\t\t","protected":false},"excerpt":{"rendered":"<p>Nos services Contactez notre \u00e9quipe Cat\u00e9gories de services Restauration Vaste r\u00e9seau de partenaires Traiteurs maison : disponibles pour les salons avec vente au public Partenaires traiteurs privil\u00e9gi\u00e9s : pour tous les autres \u00e9v\u00e9nements Formules sur mesure : adapt\u00e9es au concept, au groupe cible et au budget Qualit\u00e9 &amp; flexibilit\u00e9 : garanties pour chaque \u00e9v\u00e9nement D\u00e9couvrez [&hellip;]<\/p>\n","protected":false},"author":949,"featured_media":0,"parent":27482,"menu_order":0,"comment_status":"closed","ping_status":"closed","template":"","meta":{"_seopress_robots_primary_cat":"","_seopress_titles_title":"","_seopress_titles_desc":"","_seopress_robots_index":"","footnotes":""},"class_list":["post-27518","page","type-page","status-publish","hentry"],"meta_box":[],"_links":{"self":[{"href":"https:\/\/www.flandersexpo.be\/fr\/wp-json\/wp\/v2\/pages\/27518","targetHints":{"allow":["GET"]}}],"collection":[{"href":"https:\/\/www.flandersexpo.be\/fr\/wp-json\/wp\/v2\/pages"}],"about":[{"href":"https:\/\/www.flandersexpo.be\/fr\/wp-json\/wp\/v2\/types\/page"}],"author":[{"embeddable":true,"href":"https:\/\/www.flandersexpo.be\/fr\/wp-json\/wp\/v2\/users\/949"}],"replies":[{"embeddable":true,"href":"https:\/\/www.flandersexpo.be\/fr\/wp-json\/wp\/v2\/comments?post=27518"}],"version-history":[{"count":5,"href":"https:\/\/www.flandersexpo.be\/fr\/wp-json\/wp\/v2\/pages\/27518\/revisions"}],"predecessor-version":[{"id":34224,"href":"https:\/\/www.flandersexpo.be\/fr\/wp-json\/wp\/v2\/pages\/27518\/revisions\/34224"}],"up":[{"embeddable":true,"href":"https:\/\/www.flandersexpo.be\/fr\/wp-json\/wp\/v2\/pages\/27482"}],"wp:attachment":[{"href":"https:\/\/www.flandersexpo.be\/fr\/wp-json\/wp\/v2\/media?parent=27518"}],"curies":[{"name":"wp","href":"https:\/\/api.w.org\/{rel}","templated":true}]}}