{"id":27774,"date":"2026-02-03T09:41:50","date_gmt":"2026-02-03T08:41:50","guid":{"rendered":"https:\/\/www.flandersexpo.be\/cateringopties\/"},"modified":"2026-04-14T08:50:39","modified_gmt":"2026-04-14T06:50:39","slug":"options-de-restauration","status":"publish","type":"page","link":"https:\/\/www.flandersexpo.be\/fr\/visiter\/informations-visiteurs\/options-de-restauration\/","title":{"rendered":"Options de restauration"},"content":{"rendered":"\t\t<div data-elementor-type=\"wp-page\" data-elementor-id=\"27774\" class=\"elementor elementor-27774 elementor-22205\" data-elementor-post-type=\"page\">\n\t\t\t\t<div class=\"elementor-element elementor-element-7832114 e-con-full e-flex e-con e-parent\" data-id=\"7832114\" data-element_type=\"container\">\n\t\t<div class=\"elementor-element elementor-element-a1c4881 e-con-full e-flex e-con e-child\" data-id=\"a1c4881\" data-element_type=\"container\">\n\t\t\t\t<\/div>\n\t\t<div class=\"elementor-element elementor-element-48e7452 e-con-full e-flex e-con e-child\" data-id=\"48e7452\" data-element_type=\"container\">\n\t\t\t\t<div class=\"elementor-element elementor-element-5e69f16 elementor-widget elementor-widget-heading\" data-id=\"5e69f16\" data-element_type=\"widget\" data-widget_type=\"heading.default\">\n\t\t\t\t\t<h2 class=\"elementor-heading-title elementor-size-default\">Un petit creux pendant votre visite ? <\/h2>\t\t\t\t<\/div>\n\t\t<div class=\"elementor-element elementor-element-3c6a3e5 e-con-full e-flex e-con e-child\" data-id=\"3c6a3e5\" data-element_type=\"container\">\n\t\t\t\t<div class=\"elementor-element elementor-element-e294fd0 elementor-widget elementor-widget-button\" data-id=\"e294fd0\" data-element_type=\"widget\" data-widget_type=\"button.default\">\n\t\t\t\t\t\t\t\t\t\t<a class=\"elementor-button elementor-button-link elementor-size-sm\" href=\"https:\/\/www.flandersexpo.be\/fr\/calendrier\/\">\n\t\t\t\t\t\t<span class=\"elementor-button-content-wrapper\">\n\t\t\t\t\t\t\t\t\t<span class=\"elementor-button-text\">Consultez le calendrier<\/span>\n\t\t\t\t\t<\/span>\n\t\t\t\t\t<\/a>\n\t\t\t\t\t\t\t\t<\/div>\n\t\t\t\t<div class=\"elementor-element elementor-element-5b76b50 elementor-widget elementor-widget-button\" data-id=\"5b76b50\" data-element_type=\"widget\" data-widget_type=\"button.default\">\n\t\t\t\t\t\t\t\t\t\t<a class=\"elementor-button elementor-button-link elementor-size-sm\" href=\"https:\/\/www.flandersexpo.be\/fr\/visiter\/informations-visiteurs\/comment-se-rendre-ici\/\">\n\t\t\t\t\t\t<span class=\"elementor-button-content-wrapper\">\n\t\t\t\t\t\t\t\t\t<span class=\"elementor-button-text\">Planifiez votre itin\u00e9raire<\/span>\n\t\t\t\t\t<\/span>\n\t\t\t\t\t<\/a>\n\t\t\t\t\t\t\t\t<\/div>\n\t\t\t\t<\/div>\n\t\t\t\t<\/div>\n\t\t\t\t<div class=\"elementor-element elementor-element-e6af062 elementor-absolute elementor-widget elementor-widget-image\" data-id=\"e6af062\" data-element_type=\"widget\" data-settings=\"{&quot;_position&quot;:&quot;absolute&quot;}\" data-widget_type=\"image.default\">\n\t\t\t\t\t\t\t\t\t\t\t\t\t\t\t<img fetchpriority=\"high\" decoding=\"async\" width=\"1920\" height=\"1281\" src=\"https:\/\/easyfairsassets.com\/sites\/371\/2025\/12\/BisBeurs_2025_HR_joachimderous_77.jpg\" class=\"attachment-full size-full wp-image-23035\" alt=\"\" srcset=\"https:\/\/easyfairsassets.com\/sites\/371\/2025\/12\/BisBeurs_2025_HR_joachimderous_77.jpg 1920w, https:\/\/easyfairsassets.com\/sites\/371\/2025\/12\/BisBeurs_2025_HR_joachimderous_77-300x200.jpg 300w, https:\/\/easyfairsassets.com\/sites\/371\/2025\/12\/BisBeurs_2025_HR_joachimderous_77-1024x683.jpg 1024w, https:\/\/easyfairsassets.com\/sites\/371\/2025\/12\/BisBeurs_2025_HR_joachimderous_77-768x512.jpg 768w, https:\/\/easyfairsassets.com\/sites\/371\/2025\/12\/BisBeurs_2025_HR_joachimderous_77-1536x1025.jpg 1536w\" sizes=\"(max-width: 1920px) 100vw, 1920px\" \/>\t\t\t\t\t\t\t\t\t\t\t\t\t\t\t<\/div>\n\t\t\t\t<\/div>\n\t\t<div class=\"elementor-element elementor-element-dcc033b e-con-full e-flex e-con e-parent\" data-id=\"dcc033b\" data-element_type=\"container\">\n\t\t\t\t<div class=\"elementor-element elementor-element-5bee687 elementor-widget elementor-widget-heading\" data-id=\"5bee687\" data-element_type=\"widget\" data-widget_type=\"heading.default\">\n\t\t\t\t\t<p class=\"elementor-heading-title elementor-size-default\">\u00c0 Flanders Expo, vous pouvez opter pour un en-cas rapide ou un repas chaud complet. Toujours frais du jour, durable et respectueux des saisons.<\/p>\t\t\t\t<\/div>\n\t\t<div class=\"elementor-element elementor-element-ddd6ea9 e-con-full e-flex e-con e-child\" data-id=\"ddd6ea9\" data-element_type=\"container\">\n\t\t<div class=\"elementor-element elementor-element-567aeda e-con-full e-flex e-con e-child\" data-id=\"567aeda\" data-element_type=\"container\" data-settings=\"{&quot;background_background&quot;:&quot;classic&quot;}\">\n\t\t<div class=\"elementor-element elementor-element-1712873 e-con-full e-flex e-con e-child\" data-id=\"1712873\" data-element_type=\"container\">\n\t\t\t\t<div class=\"elementor-element elementor-element-8395f18 elementor-widget elementor-widget-image\" data-id=\"8395f18\" data-element_type=\"widget\" data-widget_type=\"image.default\">\n\t\t\t\t\t\t\t\t\t\t\t\t\t\t\t<img decoding=\"async\" width=\"142\" height=\"100\" src=\"https:\/\/easyfairsassets.com\/sites\/371\/2026\/01\/yellow-bg.png\" class=\"attachment-full size-full wp-image-25261\" alt=\"\" \/>\t\t\t\t\t\t\t\t\t\t\t\t\t\t\t<\/div>\n\t\t\t\t<div class=\"elementor-element elementor-element-2d960b7 elementor-widget elementor-widget-heading\" data-id=\"2d960b7\" data-element_type=\"widget\" data-widget_type=\"heading.default\">\n\t\t\t\t\t<h3 class=\"elementor-heading-title elementor-size-default\">Frais du jour<\/h3>\t\t\t\t<\/div>\n\t\t\t\t<div class=\"elementor-element elementor-element-4f8e5fc elementor-widget elementor-widget-text-editor\" data-id=\"4f8e5fc\" data-element_type=\"widget\" data-widget_type=\"text-editor.default\">\n\t\t\t\t\t\t\t\t\t<p class=\"p1\">Des produits frais du jour provenant de fournisseurs locaux de viande et de l\u00e9gumes apportent ce petit plus dans votre assiette.<\/p>\n\t\t\t\t\t\t\t\t<\/div>\n\t\t\t\t<\/div>\n\t\t\t\t<\/div>\n\t\t<div class=\"elementor-element elementor-element-788a504 e-con-full e-flex e-con e-child\" data-id=\"788a504\" data-element_type=\"container\" data-settings=\"{&quot;background_background&quot;:&quot;classic&quot;}\">\n\t\t<div class=\"elementor-element elementor-element-54a0805 e-con-full e-flex e-con e-child\" data-id=\"54a0805\" data-element_type=\"container\">\n\t\t\t\t<div class=\"elementor-element elementor-element-c177b65 elementor-widget elementor-widget-image\" data-id=\"c177b65\" data-element_type=\"widget\" data-widget_type=\"image.default\">\n\t\t\t\t\t\t\t\t\t\t\t\t\t\t\t<img decoding=\"async\" width=\"142\" height=\"100\" src=\"https:\/\/easyfairsassets.com\/sites\/371\/2026\/01\/yellow-bg.png\" class=\"attachment-full size-full wp-image-25261\" alt=\"\" \/>\t\t\t\t\t\t\t\t\t\t\t\t\t\t\t<\/div>\n\t\t\t\t<div class=\"elementor-element elementor-element-b8bd9fa elementor-widget elementor-widget-heading\" data-id=\"b8bd9fa\" data-element_type=\"widget\" data-widget_type=\"heading.default\">\n\t\t\t\t\t<h3 class=\"elementor-heading-title elementor-size-default\">Durable<\/h3>\t\t\t\t<\/div>\n\t\t\t\t<div class=\"elementor-element elementor-element-750cd7e elementor-widget elementor-widget-text-editor\" data-id=\"750cd7e\" data-element_type=\"widget\" data-widget_type=\"text-editor.default\">\n\t\t\t\t\t\t\t\t\t<p class=\"p1\">Les emballages recyclables et les pr\u00e9parations pures, sans additifs inutiles, sont au c\u0153ur de notre approche.<\/p>\n\t\t\t\t\t\t\t\t<\/div>\n\t\t\t\t<\/div>\n\t\t\t\t<\/div>\n\t\t<div class=\"elementor-element elementor-element-7c1a017 e-con-full e-flex e-con e-child\" data-id=\"7c1a017\" data-element_type=\"container\" data-settings=\"{&quot;background_background&quot;:&quot;classic&quot;}\">\n\t\t<div class=\"elementor-element elementor-element-009156a e-con-full e-flex e-con e-child\" data-id=\"009156a\" data-element_type=\"container\">\n\t\t\t\t<div class=\"elementor-element elementor-element-2a91995 elementor-widget elementor-widget-image\" data-id=\"2a91995\" data-element_type=\"widget\" data-widget_type=\"image.default\">\n\t\t\t\t\t\t\t\t\t\t\t\t\t\t\t<img decoding=\"async\" width=\"142\" height=\"100\" src=\"https:\/\/easyfairsassets.com\/sites\/371\/2026\/01\/yellow-bg.png\" class=\"attachment-full size-full wp-image-25261\" alt=\"\" \/>\t\t\t\t\t\t\t\t\t\t\t\t\t\t\t<\/div>\n\t\t\t\t<div class=\"elementor-element elementor-element-2960843 elementor-widget elementor-widget-heading\" data-id=\"2960843\" data-element_type=\"widget\" data-widget_type=\"heading.default\">\n\t\t\t\t\t<h3 class=\"elementor-heading-title elementor-size-default\">Pour tous<\/h3>\t\t\t\t<\/div>\n\t\t\t\t<div class=\"elementor-element elementor-element-97384b8 elementor-widget elementor-widget-text-editor\" data-id=\"97384b8\" data-element_type=\"widget\" data-widget_type=\"text-editor.default\">\n\t\t\t\t\t\t\t\t\t<p class=\"p1\">Faites-vous plaisir sans vous soucier des allergies et des intol\u00e9rances : nous nous en occupons pour vous !<\/p>\n\t\t\t\t\t\t\t\t<\/div>\n\t\t\t\t<\/div>\n\t\t\t\t<\/div>\n\t\t<div class=\"elementor-element elementor-element-52c5653 e-con-full e-flex e-con e-child\" data-id=\"52c5653\" data-element_type=\"container\" data-settings=\"{&quot;background_background&quot;:&quot;classic&quot;}\">\n\t\t<div class=\"elementor-element elementor-element-f49b57b e-con-full e-flex e-con e-child\" data-id=\"f49b57b\" data-element_type=\"container\">\n\t\t\t\t<div class=\"elementor-element elementor-element-4ab253a elementor-widget elementor-widget-image\" data-id=\"4ab253a\" data-element_type=\"widget\" data-widget_type=\"image.default\">\n\t\t\t\t\t\t\t\t\t\t\t\t\t\t\t<img decoding=\"async\" width=\"142\" height=\"100\" src=\"https:\/\/easyfairsassets.com\/sites\/371\/2026\/01\/yellow-bg.png\" class=\"attachment-full size-full wp-image-25261\" alt=\"\" \/>\t\t\t\t\t\t\t\t\t\t\t\t\t\t\t<\/div>\n\t\t\t\t<div class=\"elementor-element elementor-element-74afc58 elementor-widget elementor-widget-heading\" data-id=\"74afc58\" data-element_type=\"widget\" data-widget_type=\"heading.default\">\n\t\t\t\t\t<h3 class=\"elementor-heading-title elementor-size-default\">Service<\/h3>\t\t\t\t<\/div>\n\t\t\t\t<div class=\"elementor-element elementor-element-1a67965 elementor-widget elementor-widget-text-editor\" data-id=\"1a67965\" data-element_type=\"widget\" data-widget_type=\"text-editor.default\">\n\t\t\t\t\t\t\t\t\t<p class=\"p1\">Un service orient\u00e9 client et exp\u00e9riment\u00e9 rend votre exp\u00e9rience plus qualitative.<\/p>\n\t\t\t\t\t\t\t\t<\/div>\n\t\t\t\t<\/div>\n\t\t\t\t<\/div>\n\t\t\t\t<\/div>\n\t\t\t\t<\/div>\n\t\t<div class=\"elementor-element elementor-element-dd3966e e-con-full e-flex e-con e-parent\" data-id=\"dd3966e\" data-element_type=\"container\" data-settings=\"{&quot;background_background&quot;:&quot;classic&quot;}\">\n\t\t<div class=\"elementor-element elementor-element-dfbdbb9 e-con-full e-flex e-con e-child\" data-id=\"dfbdbb9\" data-element_type=\"container\">\n\t\t<div class=\"elementor-element elementor-element-81aac35 e-con-full e-flex e-con e-child\" data-id=\"81aac35\" data-element_type=\"container\" data-settings=\"{&quot;background_background&quot;:&quot;classic&quot;}\">\n\t\t<div class=\"elementor-element elementor-element-809511b e-con-full e-flex e-con e-child\" data-id=\"809511b\" data-element_type=\"container\">\n\t\t\t\t<div class=\"elementor-element elementor-element-d9b3b2a elementor-widget elementor-widget-image\" data-id=\"d9b3b2a\" data-element_type=\"widget\" data-widget_type=\"image.default\">\n\t\t\t\t\t\t\t\t\t\t\t\t\t\t\t<img decoding=\"async\" width=\"600\" height=\"600\" src=\"https:\/\/easyfairsassets.com\/sites\/371\/2025\/12\/LePainQuotidien-logo.jpg\" class=\"attachment-full size-full wp-image-22866\" alt=\"\" srcset=\"https:\/\/easyfairsassets.com\/sites\/371\/2025\/12\/LePainQuotidien-logo.jpg 600w, https:\/\/easyfairsassets.com\/sites\/371\/2025\/12\/LePainQuotidien-logo-300x300.jpg 300w, https:\/\/easyfairsassets.com\/sites\/371\/2025\/12\/LePainQuotidien-logo-150x150.jpg 150w\" sizes=\"(max-width: 600px) 100vw, 600px\" \/>\t\t\t\t\t\t\t\t\t\t\t\t\t\t\t<\/div>\n\t\t\t\t<div class=\"elementor-element elementor-element-e61d98a elementor-widget elementor-widget-heading\" data-id=\"e61d98a\" data-element_type=\"widget\" data-widget_type=\"heading.default\">\n\t\t\t\t\t<h3 class=\"elementor-heading-title elementor-size-default\">Le Pain Quotidien<\/h3>\t\t\t\t<\/div>\n\t\t\t\t<div class=\"elementor-element elementor-element-17af278 elementor-widget elementor-widget-text-editor\" data-id=\"17af278\" data-element_type=\"widget\" data-widget_type=\"text-editor.default\">\n\t\t\t\t\t\t\t\t\t<p><span class=\"TextRun SCXW148394065 BCX0\" lang=\"FR-FR\" xml:lang=\"FR-FR\" data-contrast=\"auto\"><span class=\"NormalTextRun SCXW148394065 BCX0\">Chez Le <\/span><span class=\"NormalTextRun SCXW148394065 BCX0\">Pain <\/span><span class=\"NormalTextRun SCXW148394065 BCX0\">Quotidien<\/span><span class=\"NormalTextRun SCXW148394065 BCX0\">, la qualit\u00e9 passe toujours en premier. Avec eux, nous ne cherchons pas le prix le plus bas, mais la meilleure qualit\u00e9 abordable, dans le respect des racines artisanales et de valeurs telles que la fra\u00eecheur, la simplicit\u00e9, la durabilit\u00e9 et la pertinence locale.<\/span><\/span><span class=\"EOP SCXW148394065 BCX0\" data-ccp-props=\"{&quot;134233117&quot;:false,&quot;134233118&quot;:false,&quot;201341983&quot;:0,&quot;335551550&quot;:1,&quot;335551620&quot;:1,&quot;335559685&quot;:0,&quot;335559737&quot;:0,&quot;335559738&quot;:0,&quot;335559739&quot;:160,&quot;335559740&quot;:257}\"> La disponibilit\u00e9 du Pain Quotidien peut varier selon l&rsquo;\u00e9v\u00e9nement.<\/span><\/p>\n\t\t\t\t\t\t\t\t<\/div>\n\t\t\t\t<\/div>\n\t\t\t\t<\/div>\n\t\t<div class=\"elementor-element elementor-element-27f309c e-con-full e-flex e-con e-child\" data-id=\"27f309c\" data-element_type=\"container\" data-settings=\"{&quot;background_background&quot;:&quot;classic&quot;}\">\n\t\t<div class=\"elementor-element elementor-element-a2cf719 e-con-full e-flex e-con e-child\" data-id=\"a2cf719\" data-element_type=\"container\">\n\t\t\t\t<div class=\"elementor-element elementor-element-d963734 elementor-widget elementor-widget-image\" data-id=\"d963734\" data-element_type=\"widget\" data-widget_type=\"image.default\">\n\t\t\t\t\t\t\t\t\t\t\t\t\t\t\t<img loading=\"lazy\" decoding=\"async\" width=\"1920\" height=\"511\" src=\"https:\/\/easyfairsassets.com\/sites\/371\/2025\/12\/Sky-Lounge-Eat-Logo.png\" class=\"attachment-full size-full wp-image-22869\" alt=\"\" srcset=\"https:\/\/easyfairsassets.com\/sites\/371\/2025\/12\/Sky-Lounge-Eat-Logo.png 1920w, https:\/\/easyfairsassets.com\/sites\/371\/2025\/12\/Sky-Lounge-Eat-Logo-300x80.png 300w, https:\/\/easyfairsassets.com\/sites\/371\/2025\/12\/Sky-Lounge-Eat-Logo-1024x273.png 1024w, https:\/\/easyfairsassets.com\/sites\/371\/2025\/12\/Sky-Lounge-Eat-Logo-768x204.png 768w, https:\/\/easyfairsassets.com\/sites\/371\/2025\/12\/Sky-Lounge-Eat-Logo-1536x409.png 1536w\" sizes=\"(max-width: 1920px) 100vw, 1920px\" \/>\t\t\t\t\t\t\t\t\t\t\t\t\t\t\t<\/div>\n\t\t\t\t<div class=\"elementor-element elementor-element-267c829 elementor-widget elementor-widget-heading\" data-id=\"267c829\" data-element_type=\"widget\" data-widget_type=\"heading.default\">\n\t\t\t\t\t<h3 class=\"elementor-heading-title elementor-size-default\">Sky Lounge Eat<\/h3>\t\t\t\t<\/div>\n\t\t\t\t<div class=\"elementor-element elementor-element-4427275 elementor-widget elementor-widget-text-editor\" data-id=\"4427275\" data-element_type=\"widget\" data-widget_type=\"text-editor.default\">\n\t\t\t\t\t\t\t\t\t<p>Cette brasserie moderne propose une gamme de plats frais du jour, allant de d\u00e9licieuses salades aux classiques belges, en passant par de savoureuses p\u00e2tes italiennes. Aux fourneaux ? Les talentueux chefs de Gourmet Invent. L&rsquo;ouverture du Sky Lounge Eat d\u00e9pend de l&rsquo;\u00e9v\u00e9nement.<\/p>\n\t\t\t\t\t\t\t\t<\/div>\n\t\t\t\t<\/div>\n\t\t\t\t<\/div>\n\t\t\t\t<\/div>\n\t\t\t\t<\/div>\n\t\t<div class=\"elementor-element elementor-element-a02949b e-con-full e-flex e-con e-parent\" data-id=\"a02949b\" data-element_type=\"container\">\n\t\t\t\t<div class=\"elementor-element elementor-element-4ec3a4e elementor-widget elementor-widget-heading\" data-id=\"4ec3a4e\" data-element_type=\"widget\" data-widget_type=\"heading.default\">\n\t\t\t\t\t<h2 class=\"elementor-heading-title elementor-size-default\">Partenaires de confiance <\/h2>\t\t\t\t<\/div>\n\t\t\t\t<div class=\"elementor-element elementor-element-060e59d elementor-widget elementor-widget-heading\" data-id=\"060e59d\" data-element_type=\"widget\" data-widget_type=\"heading.default\">\n\t\t\t\t\t<p class=\"elementor-heading-title elementor-size-default\">Nous sommes fiers de pr\u00e9senter une s\u00e9lection de marques de confiance, reconnues pour leur engagement envers la qualit\u00e9 et l'excellence. <\/p>\t\t\t\t<\/div>\n\t\t<div class=\"elementor-element elementor-element-2430cd0 e-con-full e-flex e-con e-child\" data-id=\"2430cd0\" data-element_type=\"container\">\n\t\t<div class=\"elementor-element elementor-element-d716ee7 e-con-full e-flex e-con e-child\" data-id=\"d716ee7\" data-element_type=\"container\" data-settings=\"{&quot;background_background&quot;:&quot;classic&quot;}\">\n\t\t\t\t<div class=\"elementor-element elementor-element-7671c50 elementor-widget elementor-widget-image\" data-id=\"7671c50\" data-element_type=\"widget\" data-widget_type=\"image.default\">\n\t\t\t\t\t\t\t\t\t\t\t\t\t\t\t<img loading=\"lazy\" decoding=\"async\" width=\"800\" height=\"451\" src=\"https:\/\/easyfairsassets.com\/sites\/371\/2025\/12\/pepsico-belux-with-brandsb590ceaeef576d378be6ff5000e253d8-1024x577.png\" class=\"attachment-large size-large wp-image-22881\" alt=\"\" srcset=\"https:\/\/easyfairsassets.com\/sites\/371\/2025\/12\/pepsico-belux-with-brandsb590ceaeef576d378be6ff5000e253d8-1024x577.png 1024w, https:\/\/easyfairsassets.com\/sites\/371\/2025\/12\/pepsico-belux-with-brandsb590ceaeef576d378be6ff5000e253d8-300x169.png 300w, https:\/\/easyfairsassets.com\/sites\/371\/2025\/12\/pepsico-belux-with-brandsb590ceaeef576d378be6ff5000e253d8-768x433.png 768w, https:\/\/easyfairsassets.com\/sites\/371\/2025\/12\/pepsico-belux-with-brandsb590ceaeef576d378be6ff5000e253d8.png 1107w\" sizes=\"(max-width: 800px) 100vw, 800px\" \/>\t\t\t\t\t\t\t\t\t\t\t\t\t\t\t<\/div>\n\t\t\t\t<\/div>\n\t\t<div class=\"elementor-element elementor-element-317f635 e-con-full e-flex e-con e-child\" data-id=\"317f635\" data-element_type=\"container\" data-settings=\"{&quot;background_background&quot;:&quot;classic&quot;}\">\n\t\t\t\t<div class=\"elementor-element elementor-element-cd8595b elementor-widget elementor-widget-image\" data-id=\"cd8595b\" data-element_type=\"widget\" data-widget_type=\"image.default\">\n\t\t\t\t\t\t\t\t\t\t\t\t\t\t\t<img loading=\"lazy\" decoding=\"async\" width=\"400\" height=\"400\" src=\"https:\/\/easyfairsassets.com\/sites\/371\/2025\/12\/spadel.png\" class=\"attachment-large size-large wp-image-22878\" alt=\"\" srcset=\"https:\/\/easyfairsassets.com\/sites\/371\/2025\/12\/spadel.png 400w, https:\/\/easyfairsassets.com\/sites\/371\/2025\/12\/spadel-300x300.png 300w, https:\/\/easyfairsassets.com\/sites\/371\/2025\/12\/spadel-150x150.png 150w\" sizes=\"(max-width: 400px) 100vw, 400px\" \/>\t\t\t\t\t\t\t\t\t\t\t\t\t\t\t<\/div>\n\t\t\t\t<\/div>\n\t\t<div class=\"elementor-element elementor-element-18562db e-con-full e-flex e-con e-child\" data-id=\"18562db\" data-element_type=\"container\" data-settings=\"{&quot;background_background&quot;:&quot;classic&quot;}\">\n\t\t\t\t<div class=\"elementor-element elementor-element-bbcf6de elementor-widget elementor-widget-image\" data-id=\"bbcf6de\" data-element_type=\"widget\" data-widget_type=\"image.default\">\n\t\t\t\t\t\t\t\t\t\t\t\t\t\t\t<img loading=\"lazy\" decoding=\"async\" width=\"676\" height=\"312\" src=\"https:\/\/easyfairsassets.com\/sites\/371\/2025\/12\/Duvel_Logo.png\" class=\"attachment-large size-large wp-image-22875\" alt=\"\" srcset=\"https:\/\/easyfairsassets.com\/sites\/371\/2025\/12\/Duvel_Logo.png 676w, https:\/\/easyfairsassets.com\/sites\/371\/2025\/12\/Duvel_Logo-300x138.png 300w\" sizes=\"(max-width: 676px) 100vw, 676px\" \/>\t\t\t\t\t\t\t\t\t\t\t\t\t\t\t<\/div>\n\t\t\t\t<\/div>\n\t\t\t\t<\/div>\n\t\t\t\t<\/div>\n\t\t\t\t<\/div>\n\t\t","protected":false},"excerpt":{"rendered":"<p>Un petit creux pendant votre visite ? Consultez le calendrier Planifiez votre itin\u00e9raire \u00c0 Flanders Expo, vous pouvez opter pour un en-cas rapide ou un repas chaud complet. Toujours frais du jour, durable et respectueux des saisons. Frais du jour Des produits frais du jour provenant de fournisseurs locaux de viande et de l\u00e9gumes apportent [&hellip;]<\/p>\n","protected":false},"author":949,"featured_media":0,"parent":27856,"menu_order":0,"comment_status":"closed","ping_status":"closed","template":"","meta":{"_seopress_robots_primary_cat":"","_seopress_titles_title":"","_seopress_titles_desc":"","_seopress_robots_index":"","footnotes":""},"class_list":["post-27774","page","type-page","status-publish","hentry"],"meta_box":[],"_links":{"self":[{"href":"https:\/\/www.flandersexpo.be\/fr\/wp-json\/wp\/v2\/pages\/27774","targetHints":{"allow":["GET"]}}],"collection":[{"href":"https:\/\/www.flandersexpo.be\/fr\/wp-json\/wp\/v2\/pages"}],"about":[{"href":"https:\/\/www.flandersexpo.be\/fr\/wp-json\/wp\/v2\/types\/page"}],"author":[{"embeddable":true,"href":"https:\/\/www.flandersexpo.be\/fr\/wp-json\/wp\/v2\/users\/949"}],"replies":[{"embeddable":true,"href":"https:\/\/www.flandersexpo.be\/fr\/wp-json\/wp\/v2\/comments?post=27774"}],"version-history":[{"count":4,"href":"https:\/\/www.flandersexpo.be\/fr\/wp-json\/wp\/v2\/pages\/27774\/revisions"}],"predecessor-version":[{"id":33804,"href":"https:\/\/www.flandersexpo.be\/fr\/wp-json\/wp\/v2\/pages\/27774\/revisions\/33804"}],"up":[{"embeddable":true,"href":"https:\/\/www.flandersexpo.be\/fr\/wp-json\/wp\/v2\/pages\/27856"}],"wp:attachment":[{"href":"https:\/\/www.flandersexpo.be\/fr\/wp-json\/wp\/v2\/media?parent=27774"}],"curies":[{"name":"wp","href":"https:\/\/api.w.org\/{rel}","templated":true}]}}